{"id":75,"date":"2024-12-17T10:46:01","date_gmt":"2024-12-17T10:46:01","guid":{"rendered":"https:\/\/filosofia.ghost.uem.mz\/?page_id=75"},"modified":"2024-12-17T10:46:01","modified_gmt":"2024-12-17T10:46:01","slug":"estrutura-organica","status":"publish","type":"page","link":"https:\/\/filosofia.uem.mz\/index.php\/estrutura-organica\/","title":{"rendered":"Estrutura Organica"},"content":{"rendered":"\t\t<div data-elementor-type=\"wp-page\" data-elementor-id=\"75\" class=\"elementor elementor-75\">\n\t\t\t\t<div class=\"elementor-element elementor-element-e4f58c0 e-flex e-con-boxed e-con e-parent\" data-id=\"e4f58c0\" data-element_type=\"container\">\n\t\t\t\t\t<div class=\"e-con-inner\">\n\t\t\t\t<div class=\"elementor-element elementor-element-a155a1e elementor-widget elementor-widget-spacer\" data-id=\"a155a1e\" data-element_type=\"widget\" data-widget_type=\"spacer.default\">\n\t\t\t\t\t\t\t<div class=\"elementor-spacer\">\n\t\t\t<div class=\"elementor-spacer-inner\"><\/div>\n\t\t<\/div>\n\t\t\t\t\t\t<\/div>\n\t\t\t\t\t<\/div>\n\t\t\t\t<\/div>\n\t\t<div class=\"elementor-element elementor-element-61ed61b e-flex e-con-boxed e-con e-parent\" data-id=\"61ed61b\" data-element_type=\"container\">\n\t\t\t\t\t<div class=\"e-con-inner\">\n\t\t\t\t<div class=\"elementor-element elementor-element-8b15af6 elementor-widget elementor-widget-heading\" data-id=\"8b15af6\" data-element_type=\"widget\" data-widget_type=\"heading.default\">\n\t\t\t\t\t<h2 class=\"elementor-heading-title elementor-size-default\">Estrutura org\u00e2nica<\/h2>\t\t\t\t<\/div>\n\t\t\t\t<div class=\"elementor-element elementor-element-8ba98ec elementor-widget elementor-widget-text-editor\" data-id=\"8ba98ec\" data-element_type=\"widget\" data-widget_type=\"text-editor.default\">\n\t\t\t\t\t\t\t\t\t<p>Os \u00f3rg\u00e3os de Gest\u00e3o e Administra\u00e7\u00e3o da Faculdade de Filosofia est\u00e3o preenchidos como se segue:<\/p><p><strong>1. Director da Faculdade<\/strong><br \/><em>Prof. Doutor<\/em> Jos\u00e9 Blaunde Patimale<\/p><p><strong>2. Director-Adjunto para Investiga\u00e7\u00e3o e Extens\u00e3o<\/strong><\/p><p><em>Doutor<\/em> Azevedo Jacinto Witinesse<\/p><p><strong>3. Director-Adjunto para Gradua\u00e7\u00e3o<\/strong><br \/><em>Mestre<\/em> Nazarete Justino Raice<\/p><p><strong>4.Director-Adjunto para P\u00f3s-gradua\u00e7\u00e3o<\/strong><\/p><p><em>Doutor<\/em> Azevedo Jacinto Witinesse<\/p><p><strong>5. Administrador da Faculdade<\/strong><br \/><em>Lic<\/em>. Lino Timba<\/p><p><strong>6.Chefe de Departamento de Gradua\u00e7\u00e3o<\/strong><br \/>Mestre Elias Judite Macu\u00e1cua<\/p><p><strong>7.Chefe de Departamento de Qualidade<\/strong><br \/><em>Mestre<\/em> Rui Vicente Mhata\u00a0<\/p><p><strong>8. Director do Centro de Investiga\u00e7\u00e3o em Filosofia<\/strong><br \/><em>Mestre<\/em> Nilza da L Gertrudes Raimundo Pedro<\/p><p><strong>9. Director do Curso de gradua\u00e7\u00e3o<\/strong><br \/><em>Doutor<\/em> Fernando Jos\u00e9 Ant\u00f3nio<\/p><p><strong>10.Director do curso de p\u00f3s-gradua\u00e7\u00e3o<\/strong><br \/><em>Doutor<\/em> Azevedo Jacinto Witinesse<\/p><p><strong>11. Chefes de Sec\u00e7\u00e3o Acad\u00e9mica<\/strong><\/p><p><em>Mestre<\/em> Raimundo Alberto<\/p><p><strong>12. Secret\u00e1ria de Direc\u00e7\u00e3o\/ Secretaria Executiva<\/strong><br \/><em>Lic.<\/em> Alice Ant\u00f3nio Machoco<\/p><p><strong>13. Chefe de Reparti\u00e7\u00e3o dos Recursos Humanos<\/strong><br \/><em>Lic.<\/em> Georgina Jorge Nguluve<\/p><p><strong>14. Chefe de Reparti\u00e7\u00e3o de Finan\u00e7as<\/strong><\/p><p><strong>15. Tesouraria<\/strong><br \/>Sra. Helena Jacinto Honwana<\/p><p><strong>16. Reparti\u00e7\u00e3o de Planifica\u00e7\u00e3o e Coopera\u00e7\u00e3o<\/strong><br \/><em>Lic.<\/em> Joaquim Oliveira<\/p><p><strong>17. Chefe de Reparti\u00e7\u00e3o de Aprovisionamento e Patrim\u00f3nio<\/strong><\/p><p><strong>18. Chefe de Reparti\u00e7\u00e3o de Registo Acad\u00e9mico<\/strong><br \/>Lic. Helena Jeremias Cossa<\/p><p><strong>19. Sala de Inform\u00e1tica<\/strong><br \/>Sem pessoal pr\u00f3prio. Funciona em regime de escala de servi\u00e7o.<\/p><p><strong>20. Secretaria<\/strong><br \/>Lic. Eunice Helena Am\u00e9rico Manhi\u00e7a<\/p>\t\t\t\t\t\t\t\t<\/div>\n\t\t\t\t\t<\/div>\n\t\t\t\t<\/div>\n\t\t\t\t<\/div>\n\t\t","protected":false},"excerpt":{"rendered":"<p>Estrutura org\u00e2nica Os \u00f3rg\u00e3os de Gest\u00e3o e Administra\u00e7\u00e3o da Faculdade de Filosofia est\u00e3o preenchidos como se segue: 1. Director da [&hellip;]<\/p>\n","protected":false},"author":1,"featured_media":0,"parent":0,"menu_order":0,"comment_status":"closed","ping_status":"closed","template":"","meta":{"site-sidebar-layout":"no-sidebar","site-content-layout":"","ast-site-content-layout":"full-width-container","site-content-style":"default","site-sidebar-style":"default","ast-global-header-display":"","ast-banner-title-visibility":"","ast-main-header-display":"","ast-hfb-above-header-display":"","ast-hfb-below-header-display":"","ast-hfb-mobile-header-display":"","site-post-title":"disabled","ast-breadcrumbs-content":"","ast-featured-img":"disabled","footer-sml-layout":"","theme-transparent-header-meta":"","adv-header-id-meta":"","stick-header-meta":"","header-above-stick-meta":"","header-main-stick-meta":"","header-below-stick-meta":"","astra-migrate-meta-layouts":"default","ast-page-background-enabled":"default","ast-page-background-meta":{"desktop":{"background-color":"var(--ast-global-color-5)","background-image":"","background-repeat":"repeat","background-position":"center center","background-size":"auto","background-attachment":"scroll","background-type":"","background-media":"","overlay-type":"","overlay-color":"","overlay-opacity":"","overlay-gradient":""},"tablet":{"background-color":"","background-image":"","background-repeat":"repeat","background-position":"center center","background-size":"auto","background-attachment":"scroll","background-type":"","background-media":"","overlay-type":"","overlay-color":"","overlay-opacity":"","overlay-gradient":""},"mobile":{"background-color":"","background-image":"","background-repeat":"repeat","background-position":"center center","background-size":"auto","background-attachment":"scroll","background-type":"","background-media":"","overlay-type":"","overlay-color":"","overlay-opacity":"","overlay-gradient":""}},"ast-content-background-meta":{"desktop":{"background-color":"var(--ast-global-color-4)","background-image":"","background-repeat":"repeat","background-position":"center center","background-size":"auto","background-attachment":"scroll","background-type":"","background-media":"","overlay-type":"","overlay-color":"","overlay-opacity":"","overlay-gradient":""},"tablet":{"background-color":"var(--ast-global-color-4)","background-image":"","background-repeat":"repeat","background-position":"center center","background-size":"auto","background-attachment":"scroll","background-type":"","background-media":"","overlay-type":"","overlay-color":"","overlay-opacity":"","overlay-gradient":""},"mobile":{"background-color":"var(--ast-global-color-4)","background-image":"","background-repeat":"repeat","background-position":"center center","background-size":"auto","background-attachment":"scroll","background-type":"","background-media":"","overlay-type":"","overlay-color":"","overlay-opacity":"","overlay-gradient":""}},"footnotes":""},"class_list":["post-75","page","type-page","status-publish","hentry"],"_links":{"self":[{"href":"https:\/\/filosofia.uem.mz\/index.php\/wp-json\/wp\/v2\/pages\/75","targetHints":{"allow":["GET"]}}],"collection":[{"href":"https:\/\/filosofia.uem.mz\/index.php\/wp-json\/wp\/v2\/pages"}],"about":[{"href":"https:\/\/filosofia.uem.mz\/index.php\/wp-json\/wp\/v2\/types\/page"}],"author":[{"embeddable":true,"href":"https:\/\/filosofia.uem.mz\/index.php\/wp-json\/wp\/v2\/users\/1"}],"replies":[{"embeddable":true,"href":"https:\/\/filosofia.uem.mz\/index.php\/wp-json\/wp\/v2\/comments?post=75"}],"version-history":[{"count":0,"href":"https:\/\/filosofia.uem.mz\/index.php\/wp-json\/wp\/v2\/pages\/75\/revisions"}],"wp:attachment":[{"href":"https:\/\/filosofia.uem.mz\/index.php\/wp-json\/wp\/v2\/media?parent=75"}],"curies":[{"name":"wp","href":"https:\/\/api.w.org\/{rel}","templated":true}]}}