{"id":483,"date":"2025-05-07T08:58:49","date_gmt":"2025-05-07T08:58:49","guid":{"rendered":"https:\/\/filosofia.ghost.uem.mz\/?page_id=483"},"modified":"2025-05-07T08:58:49","modified_gmt":"2025-05-07T08:58:49","slug":"mestrado-em-etica-governacao-e-desenvolvimento-autarquico","status":"publish","type":"page","link":"https:\/\/filosofia.uem.mz\/index.php\/mestrado-em-etica-governacao-e-desenvolvimento-autarquico\/","title":{"rendered":"Mestrado em \u00c9tica, Governa\u00e7\u00e3o e Desenvolvimento Aut\u00e1rquico"},"content":{"rendered":"\t\t<div data-elementor-type=\"wp-page\" data-elementor-id=\"483\" class=\"elementor elementor-483\">\n\t\t\t\t<div class=\"elementor-element elementor-element-9efd343 e-flex e-con-boxed e-con e-parent\" data-id=\"9efd343\" data-element_type=\"container\">\n\t\t\t\t\t<div class=\"e-con-inner\">\n\t\t\t\t<div class=\"elementor-element elementor-element-16d7d37 elementor-widget elementor-widget-heading\" data-id=\"16d7d37\" data-element_type=\"widget\" data-widget_type=\"heading.default\">\n\t\t\t\t\t<h2 class=\"elementor-heading-title elementor-size-default\">Mestrado em \u00c9tica, Governa\u00e7\u00e3o e Desenvolvimento Aut\u00e1rquico<\/h2>\t\t\t\t<\/div>\n\t\t\t\t\t<\/div>\n\t\t\t\t<\/div>\n\t\t<div class=\"elementor-element elementor-element-ed0e739 e-flex e-con-boxed e-con e-parent\" data-id=\"ed0e739\" data-element_type=\"container\">\n\t\t\t\t\t<div class=\"e-con-inner\">\n\t\t\t\t<div class=\"elementor-element elementor-element-1862a76 elementor-widget elementor-widget-text-editor\" data-id=\"1862a76\" data-element_type=\"widget\" data-widget_type=\"text-editor.default\">\n\t\t\t\t\t\t\t\t\t<p><strong>PLANO DE ESTUDOS\u00a0<\/strong><\/p><table width=\"680\"><tbody><tr><td rowspan=\"2\" width=\"38\"><p>Ano<\/p><\/td><td rowspan=\"2\" width=\"66\"><p>Semestre<\/p><\/td><td colspan=\"2\" width=\"327\"><p>Actividade Acad\u00e9mica<\/p><\/td><td colspan=\"2\" width=\"89\"><p>Carga Hor\u00e1ria<\/p><\/td><td rowspan=\"2\" width=\"94\"><p>Total de Horas<\/p><\/td><td rowspan=\"2\" width=\"66\"><p>N\u00ba de Cr\u00e9ditos<\/p><\/td><\/tr><tr><td width=\"227\"><p>Disciplina<\/p><\/td><td width=\"100\"><p>Tipo<\/p><\/td><td width=\"41\"><p>HCD<\/p><\/td><td width=\"47\"><p>HEI<\/p><\/td><\/tr><tr><td rowspan=\"16\" width=\"38\"><p>I<\/p><\/td><td rowspan=\"6\" width=\"66\"><p>1<\/p><\/td><td width=\"227\"><p>Fundamentos Filos\u00f3ficos e Hist\u00f3ricos das Autarquias<\/p><\/td><td width=\"100\"><p>Nuclear<\/p><\/td><td width=\"41\"><p>45<\/p><\/td><td width=\"47\"><p>135<\/p><\/td><td width=\"94\"><p>180<\/p><\/td><td width=\"66\"><p>6<\/p><\/td><\/tr><tr><td width=\"227\"><p>\u00c9tica na Administra\u00e7\u00e3o e Servi\u00e7o P\u00fablico em Mo\u00e7ambique<\/p><\/td><td width=\"100\"><p>Nuclear<\/p><\/td><td width=\"41\"><p>45<\/p><\/td><td width=\"47\"><p>135<\/p><\/td><td width=\"94\"><p>180<\/p><\/td><td width=\"66\"><p>6<\/p><\/td><\/tr><tr><td width=\"227\"><p>Filosofia da Economia e Desenvolvimento Aut\u00e1rquico<\/p><\/td><td width=\"100\"><p>Nuclear<\/p><\/td><td width=\"41\"><p>30<\/p><\/td><td width=\"47\"><p>90<\/p><\/td><td width=\"94\"><p>120<\/p><\/td><td width=\"66\"><p>4<\/p><\/td><\/tr><tr><td width=\"227\"><p>\u00c9tica, Pol\u00edtica e Governa\u00e7\u00e3o<\/p><\/td><td width=\"100\"><p>Nuclear<\/p><\/td><td width=\"41\"><p>45<\/p><\/td><td width=\"47\"><p>135<\/p><\/td><td width=\"94\"><p>180<\/p><\/td><td width=\"66\"><p>6<\/p><\/td><\/tr><tr><td width=\"227\"><p>Planifica\u00e7\u00e3o e Gest\u00e3o Estrat\u00e9gica das Autarquias\u00a0<\/p><\/td><td width=\"100\"><p>Nuclear<\/p><\/td><td width=\"41\"><p>30<\/p><\/td><td width=\"47\"><p>90<\/p><\/td><td width=\"94\"><p>120<\/p><\/td><td width=\"66\"><p>4<\/p><\/td><\/tr><tr><td width=\"227\"><p>Semin\u00e1rio de Prepara\u00e7\u00e3o de Projecto de Investiga\u00e7\u00e3o<\/p><\/td><td width=\"100\"><p>Nuclear<\/p><\/td><td width=\"41\"><p>30<\/p><\/td><td width=\"47\"><p>90<\/p><\/td><td width=\"94\"><p>120<\/p><\/td><td width=\"66\"><p>4<\/p><\/td><\/tr><tr><td colspan=\"3\" width=\"393\"><p><strong>Sub &#8211; total de horas e cr\u00e9ditos<\/strong><\/p><\/td><td width=\"41\"><p><strong>225<\/strong><\/p><\/td><td width=\"47\"><p><strong>675<\/strong><\/p><\/td><td width=\"94\"><p><strong>900<\/strong><\/p><\/td><td width=\"66\"><p><strong>30<\/strong><\/p><\/td><\/tr><tr><td rowspan=\"8\" width=\"66\"><p>2<\/p><\/td><td width=\"227\"><p>\u00c9tica, Cidadania e Direitos Humanos<\/p><\/td><td width=\"100\"><p>Complementar<\/p><\/td><td width=\"41\"><p>30<\/p><\/td><td width=\"47\"><p>90<\/p><\/td><td width=\"94\"><p>120<\/p><\/td><td width=\"66\"><p>4<\/p><\/td><\/tr><tr><td width=\"227\"><p>Homem, Tecnologia e Ambiente<\/p><\/td><td width=\"100\"><p>Complementar<\/p><\/td><td width=\"41\"><p>30<\/p><\/td><td width=\"47\"><p>90<\/p><\/td><td width=\"94\"><p>120<\/p><\/td><td width=\"66\"><p>4<\/p><\/td><\/tr><tr><td width=\"227\"><p>\u00c9tica, Comunica\u00e7\u00e3o e Rela\u00e7\u00f5es P\u00fablicas<\/p><\/td><td width=\"100\"><p>Complementar<\/p><\/td><td width=\"41\"><p>30<\/p><\/td><td width=\"47\"><p>90<\/p><\/td><td width=\"94\"><p>120<\/p><\/td><td width=\"66\"><p>4<\/p><\/td><\/tr><tr><td width=\"227\"><p>Estat\u00edstica B\u00e1sica<\/p><\/td><td width=\"100\"><p>Complementar<\/p><\/td><td width=\"41\"><p>30<\/p><\/td><td width=\"47\"><p>90<\/p><\/td><td width=\"94\"><p>120<\/p><\/td><td width=\"66\"><p>4<\/p><\/td><\/tr><tr><td width=\"227\"><p>Planifica\u00e7\u00e3o, Monitoria e Avalia\u00e7\u00e3o de Projectos Aut\u00e1rquicos<\/p><\/td><td width=\"100\"><p>Nuclear<\/p><\/td><td width=\"41\"><p>30<\/p><\/td><td width=\"47\"><p>90<\/p><\/td><td width=\"94\"><p>120<\/p><\/td><td width=\"66\"><p>4<\/p><\/td><\/tr><tr><td width=\"227\"><p>\u00c9tica Empresarial e Deontologia Profissional\u00a0<\/p><\/td><td width=\"100\"><p>Nuclear<\/p><\/td><td width=\"41\"><p>30<\/p><\/td><td width=\"47\"><p>90<\/p><\/td><td width=\"94\"><p>120<\/p><\/td><td width=\"66\"><p>4<\/p><\/td><\/tr><tr><td width=\"227\"><p>Disciplina Opcional<\/p><\/td><td width=\"100\"><p>Complementar<\/p><\/td><td width=\"41\"><p>\u00a0\u00a0\u00a0 15<\/p><\/td><td width=\"47\"><p>\u00a0\u00a0\u00a0 45<\/p><\/td><td width=\"94\"><p>60<\/p><\/td><td width=\"66\"><p>2<\/p><\/td><\/tr><tr><td width=\"227\"><p>Semin\u00e1rio de Pesquisa<\/p><\/td><td width=\"100\"><p>Nuclear<\/p><\/td><td width=\"41\"><p>30<\/p><\/td><td width=\"47\"><p>90<\/p><\/td><td width=\"94\"><p>120<\/p><\/td><td width=\"66\"><p>4<\/p><\/td><\/tr><tr><td colspan=\"3\" width=\"393\"><p><strong>Sub &#8211; total de horas e cr\u00e9ditos<\/strong><\/p><\/td><td width=\"41\"><p><strong>225<\/strong><\/p><\/td><td width=\"47\"><p><strong>675<\/strong><\/p><\/td><td width=\"94\"><p><strong>900<\/strong><\/p><\/td><td width=\"66\"><p><strong>30<\/strong><\/p><\/td><\/tr><tr><td colspan=\"4\" width=\"431\"><p><strong>Total anual de horas e cr\u00e9ditos<\/strong><\/p><\/td><td width=\"41\"><p>450<\/p><\/td><td width=\"47\"><p>1350<\/p><\/td><td width=\"94\"><p>1800<\/p><\/td><td width=\"66\"><p>60<\/p><\/td><\/tr><tr><td colspan=\"8\" width=\"680\"><p><strong>Outras Actividades do Plano de Estudos do Curso<\/strong><\/p><\/td><\/tr><tr><td rowspan=\"12\" width=\"38\"><p>II<\/p><\/td><td rowspan=\"5\" width=\"66\"><p>3<\/p><\/td><td width=\"227\"><p>Participa\u00e7\u00e3o em Eventos Cient\u00edficos e Oficinas Filos\u00f3ficas<\/p><\/td><td width=\"100\"><p>Obrigat\u00f3ria<\/p><\/td><td width=\"41\"><p>30<\/p><\/td><td width=\"47\"><p>90<\/p><\/td><td width=\"94\"><p>\u00a0\u00a0\u00a0\u00a0\u00a0\u00a0\u00a0\u00a0\u00a0 120<\/p><\/td><td width=\"66\"><p>4<\/p><\/td><\/tr><tr><td width=\"227\"><p>Participa\u00e7\u00e3o em Eventos Cient\u00edficos e Oficinas Filos\u00f3ficas<\/p><\/td><td width=\"100\"><p>Obrigat\u00f3ria<\/p><\/td><td width=\"41\"><p>30<\/p><\/td><td width=\"47\"><p>\u00a0\u00a0 90<\/p><\/td><td width=\"94\"><p>120<\/p><\/td><td width=\"66\"><p>\u00a0\u00a0\u00a0\u00a0\u00a0\u00a0 4<\/p><\/td><\/tr><tr><td colspan=\"6\" width=\"576\"><p><strong>\u00a0\u00a0\u00a0\u00a0\u00a0\u00a0\u00a0\u00a0\u00a0\u00a0\u00a0\u00a0\u00a0\u00a0\u00a0\u00a0\u00a0\u00a0\u00a0\u00a0\u00a0\u00a0\u00a0\u00a0\u00a0\u00a0\u00a0\u00a0\u00a0\u00a0\u00a0\u00a0\u00a0\u00a0\u00a0\u00a0\u00a0\u00a0\u00a0\u00a0\u00a0\u00a0\u00a0\u00a0\u00a0\u00a0\u00a0\u00a0\u00a0 Realiza\u00e7\u00e3o de\u00a0 Investiga\u00e7\u00e3o<\/strong><\/p><\/td><\/tr><tr><td width=\"227\"><p>Semin\u00e1rio de Apresenta\u00e7\u00e3o do Projecto de Pesquisa<\/p><\/td><td width=\"100\"><p>Obrigat\u00f3rio<\/p><\/td><td width=\"41\"><p>60<\/p><\/td><td width=\"47\"><p>180<\/p><\/td><td width=\"94\"><p>240<\/p><\/td><td width=\"66\"><p>8<\/p><\/td><\/tr><tr><td width=\"227\"><p>Processo de elabora\u00e7\u00e3o da disserta\u00e7\u00e3o<\/p><\/td><td width=\"100\"><p>Obrigat\u00f3rio<\/p><\/td><td width=\"41\"><p>105<\/p><\/td><td width=\"47\"><p>315<\/p><\/td><td width=\"94\"><p>420<\/p><\/td><td width=\"66\"><p>14<\/p><\/td><\/tr><tr><td colspan=\"3\" width=\"393\"><p><strong>Sub &#8211; total de horas e cr\u00e9ditos<\/strong><\/p><\/td><td width=\"41\"><p><strong>225<\/strong><\/p><\/td><td width=\"47\"><p><strong>675<\/strong><\/p><\/td><td width=\"94\"><p><strong>900<\/strong><\/p><\/td><td width=\"66\"><p><strong>30<\/strong><\/p><\/td><\/tr><tr><td rowspan=\"5\" width=\"66\"><p>4<\/p><\/td><td colspan=\"6\" width=\"576\"><p><strong>Outras Actividades do Plano de Estudos do Curso<\/strong><\/p><\/td><\/tr><tr><td width=\"227\"><p>Participa\u00e7\u00e3o em Eventos Cient\u00edficos e Oficinas Filos\u00f3ficas<\/p><\/td><td width=\"100\"><p>Obrigat\u00f3ria<\/p><\/td><td width=\"41\"><p>30<\/p><\/td><td width=\"47\"><p>90<\/p><\/td><td width=\"94\"><p>120<\/p><\/td><td width=\"66\"><p>4<\/p><\/td><\/tr><tr><td colspan=\"6\" width=\"576\"><p><strong>Realiza\u00e7\u00e3o de Investiga\u00e7\u00e3o <\/strong><\/p><\/td><\/tr><tr><td width=\"227\"><p>Processo de elabora\u00e7\u00e3o da disserta\u00e7\u00e3o\u00a0\u00a0<\/p><\/td><td width=\"100\"><p>Obrigat\u00f3ria<\/p><\/td><td width=\"41\"><p>60<\/p><\/td><td width=\"47\"><p>180<\/p><\/td><td width=\"94\"><p>240<\/p><\/td><td width=\"66\"><p>8<\/p><\/td><\/tr><tr><td width=\"227\"><p>Conclus\u00e3o e defesa da disserta\u00e7\u00e3o\u00a0<\/p><\/td><td width=\"100\"><p>Obrigat\u00f3ria<\/p><\/td><td width=\"41\"><p>135<\/p><\/td><td width=\"47\"><p>405<\/p><\/td><td width=\"94\"><p>540<\/p><\/td><td width=\"66\"><p>18<\/p><\/td><\/tr><tr><td colspan=\"3\" width=\"393\"><p><strong>Sub &#8211; total de horas e cr\u00e9ditos<\/strong><\/p><\/td><td width=\"41\"><p><strong>225<\/strong><\/p><\/td><td width=\"47\"><p><strong>675<\/strong><\/p><\/td><td width=\"94\"><p><strong>900<\/strong><\/p><\/td><td width=\"66\"><p><strong>30<\/strong><\/p><\/td><\/tr><tr><td colspan=\"4\" width=\"431\"><p><strong>Total anual de horas e cr\u00e9ditos<\/strong><\/p><\/td><td width=\"41\"><p><strong>450<\/strong><\/p><\/td><td width=\"47\"><p><strong>1350<\/strong><\/p><\/td><td width=\"94\"><p><strong>1800<\/strong><\/p><\/td><td width=\"66\"><p><strong>60<\/strong><\/p><\/td><\/tr><tr><td colspan=\"4\" width=\"431\"><p><strong>Total de horas e cr\u00e9ditos<\/strong><\/p><\/td><td width=\"41\"><p>900<\/p><\/td><td width=\"47\"><p>2700<\/p><\/td><td width=\"94\"><p>3600<\/p><\/td><td width=\"66\"><p>120<\/p><\/td><\/tr><\/tbody><\/table>\t\t\t\t\t\t\t\t<\/div>\n\t\t\t\t\t<\/div>\n\t\t\t\t<\/div>\n\t\t\t\t<\/div>\n\t\t","protected":false},"excerpt":{"rendered":"<p>Mestrado em \u00c9tica, Governa\u00e7\u00e3o e Desenvolvimento Aut\u00e1rquico PLANO DE ESTUDOS\u00a0 Ano Semestre Actividade Acad\u00e9mica Carga Hor\u00e1ria Total de Horas N\u00ba [&hellip;]<\/p>\n","protected":false},"author":1,"featured_media":0,"parent":0,"menu_order":0,"comment_status":"closed","ping_status":"closed","template":"","meta":{"site-sidebar-layout":"no-sidebar","site-content-layout":"","ast-site-content-layout":"full-width-container","site-content-style":"default","site-sidebar-style":"default","ast-global-header-display":"","ast-banner-title-visibility":"","ast-main-header-display":"","ast-hfb-above-header-display":"","ast-hfb-below-header-display":"","ast-hfb-mobile-header-display":"","site-post-title":"disabled","ast-breadcrumbs-content":"","ast-featured-img":"disabled","footer-sml-layout":"","theme-transparent-header-meta":"","adv-header-id-meta":"","stick-header-meta":"","header-above-stick-meta":"","header-main-stick-meta":"","header-below-stick-meta":"","astra-migrate-meta-layouts":"default","ast-page-background-enabled":"default","ast-page-background-meta":{"desktop":{"background-color":"var(--ast-global-color-5)","background-image":"","background-repeat":"repeat","background-position":"center center","background-size":"auto","background-attachment":"scroll","background-type":"","background-media":"","overlay-type":"","overlay-color":"","overlay-opacity":"","overlay-gradient":""},"tablet":{"background-color":"","background-image":"","background-repeat":"repeat","background-position":"center center","background-size":"auto","background-attachment":"scroll","background-type":"","background-media":"","overlay-type":"","overlay-color":"","overlay-opacity":"","overlay-gradient":""},"mobile":{"background-color":"","background-image":"","background-repeat":"repeat","background-position":"center center","background-size":"auto","background-attachment":"scroll","background-type":"","background-media":"","overlay-type":"","overlay-color":"","overlay-opacity":"","overlay-gradient":""}},"ast-content-background-meta":{"desktop":{"background-color":"var(--ast-global-color-4)","background-image":"","background-repeat":"repeat","background-position":"center center","background-size":"auto","background-attachment":"scroll","background-type":"","background-media":"","overlay-type":"","overlay-color":"","overlay-opacity":"","overlay-gradient":""},"tablet":{"background-color":"var(--ast-global-color-4)","background-image":"","background-repeat":"repeat","background-position":"center center","background-size":"auto","background-attachment":"scroll","background-type":"","background-media":"","overlay-type":"","overlay-color":"","overlay-opacity":"","overlay-gradient":""},"mobile":{"background-color":"var(--ast-global-color-4)","background-image":"","background-repeat":"repeat","background-position":"center center","background-size":"auto","background-attachment":"scroll","background-type":"","background-media":"","overlay-type":"","overlay-color":"","overlay-opacity":"","overlay-gradient":""}},"footnotes":""},"class_list":["post-483","page","type-page","status-publish","hentry"],"_links":{"self":[{"href":"https:\/\/filosofia.uem.mz\/index.php\/wp-json\/wp\/v2\/pages\/483","targetHints":{"allow":["GET"]}}],"collection":[{"href":"https:\/\/filosofia.uem.mz\/index.php\/wp-json\/wp\/v2\/pages"}],"about":[{"href":"https:\/\/filosofia.uem.mz\/index.php\/wp-json\/wp\/v2\/types\/page"}],"author":[{"embeddable":true,"href":"https:\/\/filosofia.uem.mz\/index.php\/wp-json\/wp\/v2\/users\/1"}],"replies":[{"embeddable":true,"href":"https:\/\/filosofia.uem.mz\/index.php\/wp-json\/wp\/v2\/comments?post=483"}],"version-history":[{"count":0,"href":"https:\/\/filosofia.uem.mz\/index.php\/wp-json\/wp\/v2\/pages\/483\/revisions"}],"wp:attachment":[{"href":"https:\/\/filosofia.uem.mz\/index.php\/wp-json\/wp\/v2\/media?parent=483"}],"curies":[{"name":"wp","href":"https:\/\/api.w.org\/{rel}","templated":true}]}}