{"id":480,"date":"2025-05-07T08:58:49","date_gmt":"2025-05-07T08:58:49","guid":{"rendered":"https:\/\/filosofia.ghost.uem.mz\/?page_id=480"},"modified":"2025-05-07T08:58:49","modified_gmt":"2025-05-07T08:58:49","slug":"mestrado-em-ensino-de-filosofia","status":"publish","type":"page","link":"https:\/\/filosofia.uem.mz\/index.php\/mestrado-em-ensino-de-filosofia\/","title":{"rendered":"Mestrado em Ensino de Filosofia"},"content":{"rendered":"\t\t<div data-elementor-type=\"wp-page\" data-elementor-id=\"480\" class=\"elementor elementor-480\">\n\t\t\t\t<div class=\"elementor-element elementor-element-4587ebb e-flex e-con-boxed e-con e-parent\" data-id=\"4587ebb\" data-element_type=\"container\">\n\t\t\t\t\t<div class=\"e-con-inner\">\n\t\t\t\t<div class=\"elementor-element elementor-element-d73764c elementor-widget elementor-widget-heading\" data-id=\"d73764c\" data-element_type=\"widget\" data-widget_type=\"heading.default\">\n\t\t\t\t\t<h2 class=\"elementor-heading-title elementor-size-default\">Mestrado em Ensino de Filosofia<\/h2>\t\t\t\t<\/div>\n\t\t\t\t\t<\/div>\n\t\t\t\t<\/div>\n\t\t<div class=\"elementor-element elementor-element-94ac31b e-flex e-con-boxed e-con e-parent\" data-id=\"94ac31b\" data-element_type=\"container\">\n\t\t\t\t\t<div class=\"e-con-inner\">\n\t\t\t\t<div class=\"elementor-element elementor-element-20daffc elementor-widget elementor-widget-text-editor\" data-id=\"20daffc\" data-element_type=\"widget\" data-widget_type=\"text-editor.default\">\n\t\t\t\t\t\t\t\t\t<p><strong>PLANO DE ESTUDOS\u00a0<\/strong><\/p><table width=\"678\"><tbody><tr><td rowspan=\"2\" width=\"42\">Ano<\/td><td colspan=\"2\" rowspan=\"2\" width=\"66\">Semestre<\/td><td colspan=\"2\" width=\"354\">Actividade Acad\u00e9mica<\/td><td colspan=\"2\" width=\"96\">Carga Hor\u00e1ria<\/td><td rowspan=\"2\" width=\"54\">Total de Horas<\/td><td rowspan=\"2\" width=\"66\">N\u00ba de Cr\u00e9ditos<\/td><\/tr><tr><td width=\"252\">Disciplina<\/td><td width=\"102\">Tipo<\/td><td width=\"54\">HCD<\/td><td width=\"42\">HEI<\/td><\/tr><tr><td rowspan=\"15\" width=\"42\">I<\/td><td colspan=\"2\" rowspan=\"7\" width=\"66\">1<\/td><td width=\"252\">Metodologia de Investiga\u00e7\u00e3o em Filosofia<\/td><td width=\"102\">Nuclear<\/td><td width=\"54\">30<\/td><td width=\"42\">90<\/td><td width=\"54\">120<\/td><td width=\"66\">4<\/td><\/tr><tr><td width=\"252\">Temas e Problemas da Filosofia<\/td><td width=\"102\">Nuclear<\/td><td width=\"54\">45<\/td><td width=\"42\">135<\/td><td width=\"54\">180<\/td><td width=\"66\">6<\/td><\/tr><tr><td width=\"252\">Temas e Problemas da Psicopedagogia<\/td><td width=\"102\">Nuclear<\/td><td width=\"54\">45<\/td><td width=\"42\">135<\/td><td width=\"54\">180<\/td><td width=\"66\">6<\/td><\/tr><tr><td width=\"252\">Temas e Problemas da Filosofia da Educa\u00e7\u00e3o em Mo\u00e7ambique<\/td><td width=\"102\">Nuclear<\/td><td width=\"54\">30<\/td><td width=\"42\">90<\/td><td width=\"54\">120<\/td><td width=\"66\">4<\/td><\/tr><tr><td width=\"252\">Semin\u00e1rio sobre \u00c9tica e Deontologia Educacional<\/td><td width=\"102\">Complementar<\/td><td width=\"54\">30<\/td><td width=\"42\">90<\/td><td width=\"54\">120<\/td><td width=\"66\">4<\/td><\/tr><tr><td width=\"252\">Semin\u00e1rio sobre Filosofia Africana<\/td><td width=\"102\">Complementar<\/td><td width=\"54\">28<\/td><td width=\"42\">84<\/td><td width=\"54\">90<\/td><td width=\"66\">3<\/td><\/tr><tr><td width=\"252\">Semin\u00e1rio de Prepara\u00e7\u00e3o de Projecto de Investiga\u00e7\u00e3o<\/td><td width=\"102\">Nuclear<\/td><td width=\"54\">12<\/td><td width=\"42\">36<\/td><td width=\"54\">90<\/td><td width=\"66\">3<\/td><\/tr><tr><td colspan=\"4\" width=\"420\"><strong>Sub-total de horas e cr\u00e9ditos<\/strong><\/td><td width=\"54\"><strong>220<\/strong><\/td><td width=\"42\"><strong>660<\/strong><\/td><td width=\"54\"><strong>900<\/strong><\/td><td width=\"66\"><strong>30<\/strong><\/td><\/tr><tr><td colspan=\"2\" rowspan=\"6\" width=\"66\">2<\/td><td width=\"252\">Problem\u00e1ticas da Did\u00e1ctica de Filosofia<\/td><td width=\"102\">Nuclear<\/td><td width=\"54\">45<\/td><td width=\"42\">135<\/td><td width=\"54\">180<\/td><td width=\"66\">6<\/td><\/tr><tr><td width=\"252\">Pol\u00edticas Educacionais Mo\u00e7ambicanas e Curr\u00edculo<\/td><td width=\"102\">Nuclear<\/td><td width=\"54\">30<\/td><td width=\"42\">90<\/td><td width=\"54\">120<\/td><td width=\"66\">4<\/td><\/tr><tr><td width=\"252\">Educa\u00e7\u00e3o, Homem e Sociedade Mo\u00e7ambicana<\/td><td width=\"102\">Nuclear<\/td><td width=\"54\">45<\/td><td width=\"42\">135<\/td><td width=\"54\">180<\/td><td width=\"66\">6<\/td><\/tr><tr><td width=\"252\">Administra\u00e7\u00e3o e Gest\u00e3o Educacional<\/td><td width=\"102\">Complementar<\/td><td width=\"54\">45<\/td><td width=\"42\">135<\/td><td width=\"54\">\u00a0\u00a0 180<\/td><td width=\"66\">6<\/td><\/tr><tr><td width=\"252\">Est\u00e1gio Docente<\/td><td width=\"102\">Nuclear<\/td><td width=\"54\">30<\/td><td width=\"42\">90<\/td><td width=\"54\">120<\/td><td width=\"66\">4<\/td><\/tr><tr><td width=\"252\">Semin\u00e1rio de Pesquisa<\/td><td width=\"102\">Nuclear<\/td><td width=\"54\">30<\/td><td width=\"42\">90<\/td><td width=\"54\">120<\/td><td width=\"66\">4<\/td><\/tr><tr><td colspan=\"4\" width=\"420\"><strong>Sub-total de horas e cr\u00e9ditos<\/strong><\/td><td width=\"54\"><strong>225<\/strong><\/td><td width=\"42\"><strong>675<\/strong><\/td><td width=\"54\"><strong>900<\/strong><\/td><td width=\"66\"><strong>30<\/strong><\/td><\/tr><tr><td colspan=\"5\" width=\"462\"><strong>Total anual de horas e cr\u00e9ditos<\/strong><\/td><td width=\"54\"><strong>445<\/strong><\/td><td width=\"42\"><strong>1335<\/strong><\/td><td width=\"54\"><strong>1800<\/strong><\/td><td width=\"66\"><strong>60<\/strong><\/td><\/tr><tr><td colspan=\"9\" width=\"678\"><strong>Outras actividades<\/strong><\/td><\/tr><tr><td colspan=\"2\" rowspan=\"8\" width=\"46\">II<\/td><td rowspan=\"4\" width=\"62\">3<\/td><td width=\"252\">Investiga\u00e7\u00e3o: participa\u00e7\u00e3o nas Oficinas Filos\u00f3ficas\/Eventos Cient\u00edficos<\/td><td width=\"102\">Obrigat\u00f3ria<\/td><td width=\"54\">90<\/td><td width=\"42\">270<\/td><td width=\"54\">360<\/td><td width=\"66\">12<\/td><\/tr><tr><td colspan=\"6\" width=\"570\"><strong>\u00a0\u00a0\u00a0\u00a0\u00a0\u00a0\u00a0\u00a0\u00a0\u00a0\u00a0\u00a0\u00a0\u00a0\u00a0\u00a0\u00a0\u00a0\u00a0\u00a0\u00a0\u00a0\u00a0\u00a0\u00a0\u00a0\u00a0\u00a0\u00a0\u00a0\u00a0\u00a0\u00a0\u00a0\u00a0\u00a0\u00a0\u00a0\u00a0\u00a0\u00a0\u00a0\u00a0\u00a0\u00a0\u00a0\u00a0\u00a0\u00a0 Investiga\u00e7\u00e3o<\/strong><\/td><\/tr><tr><td width=\"252\">Semin\u00e1rio de Apresenta\u00e7\u00e3o de Projecto de Pesquisa<\/td><td width=\"102\">Obrigat\u00f3rio<\/td><td width=\"54\">45<\/td><td width=\"42\">135<\/td><td width=\"54\">180<\/td><td width=\"66\">6<\/td><\/tr><tr><td width=\"252\">Investiga\u00e7\u00e3o: processo de elabora\u00e7\u00e3o da disserta\u00e7\u00e3o<\/td><td width=\"102\">Obrigat\u00f3ria<\/td><td width=\"54\">90<\/td><td width=\"42\">270<\/td><td width=\"54\">360<\/td><td width=\"66\">12<\/td><\/tr><tr><td colspan=\"3\" width=\"416\"><strong>Sub-total de horas e cr\u00e9ditos<\/strong><\/td><td width=\"54\"><strong>225<\/strong><\/td><td width=\"42\"><strong>675<\/strong><\/td><td width=\"54\"><strong>900<\/strong><\/td><td width=\"66\"><strong>30<\/strong><\/td><\/tr><tr><td rowspan=\"2\" width=\"62\">4<\/td><td width=\"252\">Investiga\u00e7\u00e3o: processo de elabora\u00e7\u00e3o da Disserta\u00e7\u00e3o<\/td><td width=\"102\">Obrigat\u00f3ria<\/td><td width=\"54\">90<\/td><td width=\"42\">270<\/td><td width=\"54\">360<\/td><td width=\"66\">12<\/td><\/tr><tr><td width=\"252\">Conclus\u00e3o da Disserta\u00e7\u00e3o e defesa p\u00fablica<\/td><td width=\"102\">Obrigat\u00f3ria<\/td><td width=\"54\">140<\/td><td width=\"42\">420<\/td><td width=\"54\">540<\/td><td width=\"66\">18<\/td><\/tr><tr><td colspan=\"3\" width=\"416\"><strong>Sub-total de horas e cr\u00e9ditos<\/strong><\/td><td width=\"54\"><strong>230<\/strong><\/td><td width=\"42\"><strong>690<\/strong><\/td><td width=\"54\"><strong>900<\/strong><\/td><td width=\"66\"><strong>30<\/strong><\/td><\/tr><tr><td colspan=\"5\" width=\"462\"><strong>Total anual de horas e cr\u00e9ditos<\/strong><\/td><td width=\"54\"><strong>455<\/strong><\/td><td width=\"42\"><strong>1365<\/strong><\/td><td width=\"54\"><strong>1800<\/strong><\/td><td width=\"66\"><strong>60<\/strong><\/td><\/tr><tr><td colspan=\"5\" width=\"462\"><strong>Total de horas e cr\u00e9ditos<\/strong><\/td><td width=\"54\"><p><strong>900<\/strong><\/p><p><strong>\u00a0<\/strong><\/p><\/td><td width=\"42\"><strong>2700<\/strong><\/td><td width=\"54\"><strong>3600<\/strong><\/td><td width=\"66\"><strong>120<\/strong><\/td><\/tr><\/tbody><\/table>\t\t\t\t\t\t\t\t<\/div>\n\t\t\t\t\t<\/div>\n\t\t\t\t<\/div>\n\t\t\t\t<\/div>\n\t\t","protected":false},"excerpt":{"rendered":"<p>Mestrado em Ensino de Filosofia PLANO DE ESTUDOS\u00a0 Ano Semestre Actividade Acad\u00e9mica Carga Hor\u00e1ria Total de Horas N\u00ba de Cr\u00e9ditos [&hellip;]<\/p>\n","protected":false},"author":1,"featured_media":0,"parent":0,"menu_order":0,"comment_status":"closed","ping_status":"closed","template":"","meta":{"site-sidebar-layout":"no-sidebar","site-content-layout":"","ast-site-content-layout":"full-width-container","site-content-style":"default","site-sidebar-style":"default","ast-global-header-display":"","ast-banner-title-visibility":"","ast-main-header-display":"","ast-hfb-above-header-display":"","ast-hfb-below-header-display":"","ast-hfb-mobile-header-display":"","site-post-title":"disabled","ast-breadcrumbs-content":"","ast-featured-img":"disabled","footer-sml-layout":"","theme-transparent-header-meta":"","adv-header-id-meta":"","stick-header-meta":"","header-above-stick-meta":"","header-main-stick-meta":"","header-below-stick-meta":"","astra-migrate-meta-layouts":"default","ast-page-background-enabled":"default","ast-page-background-meta":{"desktop":{"background-color":"var(--ast-global-color-5)","background-image":"","background-repeat":"repeat","background-position":"center center","background-size":"auto","background-attachment":"scroll","background-type":"","background-media":"","overlay-type":"","overlay-color":"","overlay-opacity":"","overlay-gradient":""},"tablet":{"background-color":"","background-image":"","background-repeat":"repeat","background-position":"center center","background-size":"auto","background-attachment":"scroll","background-type":"","background-media":"","overlay-type":"","overlay-color":"","overlay-opacity":"","overlay-gradient":""},"mobile":{"background-color":"","background-image":"","background-repeat":"repeat","background-position":"center center","background-size":"auto","background-attachment":"scroll","background-type":"","background-media":"","overlay-type":"","overlay-color":"","overlay-opacity":"","overlay-gradient":""}},"ast-content-background-meta":{"desktop":{"background-color":"var(--ast-global-color-4)","background-image":"","background-repeat":"repeat","background-position":"center center","background-size":"auto","background-attachment":"scroll","background-type":"","background-media":"","overlay-type":"","overlay-color":"","overlay-opacity":"","overlay-gradient":""},"tablet":{"background-color":"var(--ast-global-color-4)","background-image":"","background-repeat":"repeat","background-position":"center center","background-size":"auto","background-attachment":"scroll","background-type":"","background-media":"","overlay-type":"","overlay-color":"","overlay-opacity":"","overlay-gradient":""},"mobile":{"background-color":"var(--ast-global-color-4)","background-image":"","background-repeat":"repeat","background-position":"center center","background-size":"auto","background-attachment":"scroll","background-type":"","background-media":"","overlay-type":"","overlay-color":"","overlay-opacity":"","overlay-gradient":""}},"footnotes":""},"class_list":["post-480","page","type-page","status-publish","hentry"],"_links":{"self":[{"href":"https:\/\/filosofia.uem.mz\/index.php\/wp-json\/wp\/v2\/pages\/480","targetHints":{"allow":["GET"]}}],"collection":[{"href":"https:\/\/filosofia.uem.mz\/index.php\/wp-json\/wp\/v2\/pages"}],"about":[{"href":"https:\/\/filosofia.uem.mz\/index.php\/wp-json\/wp\/v2\/types\/page"}],"author":[{"embeddable":true,"href":"https:\/\/filosofia.uem.mz\/index.php\/wp-json\/wp\/v2\/users\/1"}],"replies":[{"embeddable":true,"href":"https:\/\/filosofia.uem.mz\/index.php\/wp-json\/wp\/v2\/comments?post=480"}],"version-history":[{"count":0,"href":"https:\/\/filosofia.uem.mz\/index.php\/wp-json\/wp\/v2\/pages\/480\/revisions"}],"wp:attachment":[{"href":"https:\/\/filosofia.uem.mz\/index.php\/wp-json\/wp\/v2\/media?parent=480"}],"curies":[{"name":"wp","href":"https:\/\/api.w.org\/{rel}","templated":true}]}}