{"id":250,"date":"2024-12-18T10:09:28","date_gmt":"2024-12-18T10:09:28","guid":{"rendered":"https:\/\/filosofia.ghost.uem.mz\/?page_id=250"},"modified":"2024-12-18T10:09:28","modified_gmt":"2024-12-18T10:09:28","slug":"graduacao","status":"publish","type":"page","link":"https:\/\/filosofia.uem.mz\/index.php\/graduacao\/","title":{"rendered":"Gradua\u00e7\u00e3o"},"content":{"rendered":"\t\t<div data-elementor-type=\"wp-page\" data-elementor-id=\"250\" class=\"elementor elementor-250\">\n\t\t\t\t<div class=\"elementor-element elementor-element-11bf12e e-flex e-con-boxed e-con e-parent\" data-id=\"11bf12e\" data-element_type=\"container\">\n\t\t\t\t\t<div class=\"e-con-inner\">\n\t\t\t\t<div class=\"elementor-element elementor-element-6891656 elementor-widget elementor-widget-spacer\" data-id=\"6891656\" data-element_type=\"widget\" data-widget_type=\"spacer.default\">\n\t\t\t\t\t\t\t<div class=\"elementor-spacer\">\n\t\t\t<div class=\"elementor-spacer-inner\"><\/div>\n\t\t<\/div>\n\t\t\t\t\t\t<\/div>\n\t\t\t\t\t<\/div>\n\t\t\t\t<\/div>\n\t\t<div class=\"elementor-element elementor-element-c85d48b e-flex e-con-boxed e-con e-parent\" data-id=\"c85d48b\" data-element_type=\"container\">\n\t\t\t\t\t<div class=\"e-con-inner\">\n\t\t\t\t<div class=\"elementor-element elementor-element-c248014 elementor-widget elementor-widget-heading\" data-id=\"c248014\" data-element_type=\"widget\" data-widget_type=\"heading.default\">\n\t\t\t\t\t<h2 class=\"elementor-heading-title elementor-size-default\">Licenciatura em Filosofia<\/h2>\t\t\t\t<\/div>\n\t\t\t\t<div class=\"elementor-element elementor-element-acf8eb4 elementor-widget elementor-widget-text-editor\" data-id=\"acf8eb4\" data-element_type=\"widget\" data-widget_type=\"text-editor.default\">\n\t\t\t\t\t\t\t\t\t<p>\u00a0\u00a0 .<\/p><p>\u00a0<\/p><table style=\"font-size: 1rem\" width=\"715\"><tbody><tr><td rowspan=\"2\" width=\"44\"><strong>Anos de Estudos<\/strong><\/td><td colspan=\"2\" rowspan=\"2\" width=\"44\"><strong>Semestre<\/strong><\/td><td rowspan=\"2\" width=\"189\"><strong>Unidade Curricular<\/strong><\/td><td rowspan=\"2\" width=\"105\"><strong>Tipo de Unidade Curricular<\/strong><\/td><td rowspan=\"2\" width=\"94\"><strong>C\u00f3digos<\/strong><\/td><td rowspan=\"2\" width=\"38\"><strong>Horas por Semana <\/strong><\/td><td colspan=\"2\" width=\"105\"><strong>Carga Hor\u00e1ria Semestral<\/strong><\/td><td rowspan=\"2\" width=\"48\"><strong>Total<\/strong><\/td><td rowspan=\"2\" width=\"48\"><strong>N.\u00ba de Cr\u00e9ditos<\/strong><\/td><\/tr><tr><td width=\"48\"><strong>HCD<\/strong><\/td><td width=\"57\"><strong>HEI<\/strong><\/td><\/tr><tr><td colspan=\"2\" rowspan=\"14\" width=\"44\"><p><strong>\u00a0<\/strong><\/p><p><strong>\u00a0<\/strong><\/p><p><strong>\u00a0<\/strong><\/p><p><strong>1\u00ba<\/strong><\/p><p><strong>\u00a0<\/strong><\/p><p><strong>\u00a0<\/strong><\/p><p><strong>\u00a0<\/strong><\/p><\/td><td rowspan=\"6\" width=\"44\"><p><strong>\u00a0<\/strong><\/p><p><strong>\u00a0<\/strong><\/p><p><strong>I<\/strong><\/p><p><strong>\u00a0<\/strong><\/p><\/td><td width=\"189\">Introdu\u00e7\u00e3o \u00e0 Filosofia<\/td><td width=\"105\">Nuclear<\/td><td width=\"94\">FAF001<\/td><td width=\"38\">4<\/td><td width=\"48\">64<\/td><td width=\"57\">104<\/td><td width=\"48\">168<\/td><td width=\"48\">6<\/td><\/tr><tr><td width=\"189\">Filosofia Antiga<\/td><td width=\"105\">Nuclear<\/td><td width=\"94\">FAF002<\/td><td width=\"38\">4<\/td><td width=\"48\">64<\/td><td width=\"57\">160<\/td><td width=\"48\">224<\/td><td width=\"48\">8<\/td><\/tr><tr><td width=\"189\">Introdu\u00e7\u00e3o aos M\u00e9todos de Investiga\u00e7\u00e3o Cient\u00edfica<\/td><td width=\"105\">Nuclear<\/td><td width=\"94\">FAF003<\/td><td width=\"38\">3<\/td><td width=\"48\">48<\/td><td width=\"57\">64<\/td><td width=\"48\">112<\/td><td width=\"48\">4<\/td><\/tr><tr><td width=\"189\">T\u00e9cnicas de Express\u00e3o e Escrita Acad\u00e9mica<\/td><td width=\"105\">Complementar<\/td><td width=\"94\">UEM UCT11<\/td><td width=\"38\">3<\/td><td width=\"48\">48<\/td><td width=\"57\">64<\/td><td width=\"48\">112<\/td><td width=\"48\">4<\/td><\/tr><tr><td width=\"189\">M\u00e9todos de Estudo e Habilidades para a Vida<\/td><td width=\"105\">Complementar<\/td><td width=\"94\">UEM UCT10<\/td><td width=\"38\">3<\/td><td width=\"48\">48<\/td><td width=\"57\">64<\/td><td width=\"48\">112<\/td><td width=\"48\">4<\/td><\/tr><tr><td width=\"189\">Legisla\u00e7\u00e3o B\u00e1sica<\/td><td width=\"105\">Complementar<\/td><td width=\"94\">UEM UCT6<\/td><td width=\"38\">3<\/td><td width=\"48\">48<\/td><td width=\"57\">64<\/td><td width=\"48\">112<\/td><td width=\"48\">4<\/td><\/tr><tr><td colspan=\"4\" width=\"432\"><strong>Total semestral de horas e cr\u00e9ditos<\/strong><\/td><td width=\"38\"><strong>20<\/strong><\/td><td width=\"48\"><strong>320<\/strong><\/td><td width=\"57\"><strong>520<\/strong><\/td><td width=\"48\"><strong>840<\/strong><\/td><td width=\"48\"><strong>30<\/strong><\/td><\/tr><tr><td rowspan=\"6\" width=\"44\"><strong>II<\/strong><\/td><td width=\"189\">Filosofia Medieval<\/td><td width=\"105\">Nuclear<\/td><td width=\"94\">FAF004<\/td><td width=\"38\">4<\/td><td width=\"48\">64<\/td><td width=\"57\">104<\/td><td width=\"48\">168<\/td><td width=\"48\">6<\/td><\/tr><tr><td width=\"189\">\u00c9tica I<\/td><td width=\"105\">Nuclear<\/td><td width=\"94\">FAF005<\/td><td width=\"38\">4<\/td><td width=\"48\">64<\/td><td width=\"57\">104<\/td><td width=\"48\">168<\/td><td width=\"48\">6<\/td><\/tr><tr><td width=\"189\">L\u00f3gica I<\/td><td width=\"105\">Nuclear<\/td><td width=\"94\">FAF006<\/td><td width=\"38\">3<\/td><td width=\"48\">48<\/td><td width=\"57\">120<\/td><td width=\"48\">168<\/td><td width=\"48\">6<\/td><\/tr><tr><td width=\"189\">Gnoseologia<\/td><td width=\"105\">Complementar<\/td><td width=\"94\">FAF008<\/td><td width=\"38\">3<\/td><td width=\"48\">48<\/td><td width=\"57\">64<\/td><td width=\"48\">112<\/td><td width=\"48\">4<\/td><\/tr><tr><td width=\"189\">Educa\u00e7\u00e3o Ambiental<\/td><td width=\"105\">Complementar<\/td><td width=\"94\">UEM UCT1<\/td><td width=\"38\">3<\/td><td width=\"48\">48<\/td><td width=\"57\">64<\/td><td width=\"48\">112<\/td><td width=\"48\">4<\/td><\/tr><tr><td width=\"189\">Ingl\u00eas I<\/td><td width=\"105\">Complementar<\/td><td width=\"94\">FAF007<\/td><td width=\"38\">3<\/td><td width=\"48\">48<\/td><td width=\"57\">64<\/td><td width=\"48\">112<\/td><td width=\"48\">4<\/td><\/tr><tr><td colspan=\"4\" width=\"432\"><strong>Total semestral de horas e cr\u00e9ditos<\/strong><\/td><td width=\"38\"><strong>20<\/strong><\/td><td width=\"48\"><strong>320<\/strong><\/td><td width=\"57\"><strong>520<\/strong><\/td><td width=\"48\"><strong>840<\/strong><\/td><td width=\"48\"><strong>30<\/strong><\/td><\/tr><tr><td colspan=\"6\" width=\"476\"><strong>Total anual de horas e cr\u00e9ditos<\/strong><\/td><td width=\"38\"><strong>43<\/strong><\/td><td width=\"48\"><strong>688<\/strong><\/td><td width=\"57\"><strong>992<\/strong><\/td><td width=\"48\"><strong>1680<\/strong><\/td><td width=\"48\"><strong>60<\/strong><\/td><\/tr><tr><td colspan=\"2\" rowspan=\"14\" width=\"44\"><p><strong>\u00a0<\/strong><\/p><p><strong>\u00a0<\/strong><\/p><p><strong>2\u00ba<\/strong><\/p><p><strong>\u00a0<\/strong><\/p><p><strong>\u00a0<\/strong><\/p><p><strong>\u00a0<\/strong><\/p><p><strong>\u00a0<\/strong><\/p><\/td><td rowspan=\"6\" width=\"44\"><strong>III<\/strong><\/td><td width=\"189\">Filosofia Moderna<\/td><td width=\"105\">Nuclear<\/td><td width=\"94\">FAF009<\/td><td width=\"38\">4<\/td><td width=\"48\">64<\/td><td width=\"57\">104<\/td><td width=\"48\">168<\/td><td width=\"48\">6<\/td><\/tr><tr><td width=\"189\">\u00c9tica II<\/td><td width=\"105\">Nuclear<\/td><td width=\"94\">FAF010<\/td><td width=\"38\">4<\/td><td width=\"48\">64<\/td><td width=\"57\">104<\/td><td width=\"48\">168<\/td><td width=\"48\">6<\/td><\/tr><tr><td width=\"189\">L\u00f3gica II<\/td><td width=\"105\">Nuclear<\/td><td width=\"94\">FAF011<\/td><td width=\"38\">3<\/td><td width=\"48\">48<\/td><td width=\"57\">120<\/td><td width=\"48\">168<\/td><td width=\"48\">6<\/td><\/tr><tr><td width=\"189\">Inicia\u00e7\u00e3o Cient\u00edfica<\/td><td width=\"105\">Complementar<\/td><td width=\"94\">UEM UCT13<\/td><td width=\"38\">3<\/td><td width=\"48\">48<\/td><td width=\"57\">64<\/td><td width=\"48\">112<\/td><td width=\"48\">4<\/td><\/tr><tr><td width=\"189\">M\u00e9todos de Estudo \u00e0 Dist\u00e2ncia<\/td><td width=\"105\">Complementar<\/td><td width=\"94\">UEM UCT9<\/td><td width=\"38\">3<\/td><td width=\"48\">48<\/td><td width=\"57\">64<\/td><td width=\"48\">112<\/td><td width=\"48\">4<\/td><\/tr><tr><td width=\"189\">Ingl\u00eas II<\/td><td width=\"105\">Complementar<\/td><td width=\"94\">FAF012<\/td><td width=\"38\">3<\/td><td width=\"48\">48<\/td><td width=\"57\">64<\/td><td width=\"48\">112<\/td><td width=\"48\">4<\/td><\/tr><tr><td colspan=\"4\" width=\"432\"><strong>Total semestral de horas e cr\u00e9ditos<\/strong><\/td><td width=\"38\"><strong>20<\/strong><\/td><td width=\"48\"><strong>320<\/strong><\/td><td width=\"57\"><strong>520<\/strong><\/td><td width=\"48\"><strong>840<\/strong><\/td><td width=\"48\"><strong>30<\/strong><\/td><\/tr><tr><td rowspan=\"6\" width=\"44\"><strong>IV<\/strong><\/td><td width=\"189\">Filosofia Contempor\u00e2nea<\/td><td width=\"105\">Nuclear<\/td><td width=\"94\">FAF013<\/td><td width=\"38\">4<\/td><td width=\"48\">64<\/td><td width=\"57\">104<\/td><td width=\"48\">168<\/td><td width=\"48\">6<\/td><\/tr><tr><td width=\"189\">Filosofia da Natureza<\/td><td width=\"105\">Nuclear<\/td><td width=\"94\">FAF014<\/td><td width=\"38\">4<\/td><td width=\"48\">64<\/td><td width=\"57\">48<\/td><td width=\"48\">112<\/td><td width=\"48\">4<\/td><\/tr><tr><td width=\"189\">Filosofia da Linguagem<\/td><td width=\"105\">Complementar<\/td><td width=\"94\">FAFF01<\/td><td width=\"38\">3<\/td><td width=\"48\">48<\/td><td width=\"57\">64<\/td><td width=\"48\">112<\/td><td width=\"48\">4<\/td><\/tr><tr><td width=\"189\">Semin\u00e1rio de Textos Filos\u00f3ficos Contempor\u00e2neos<\/td><td width=\"105\">Nuclear<\/td><td width=\"94\">FAFF02<\/td><td width=\"38\">3<\/td><td width=\"48\">48<\/td><td width=\"57\">148<\/td><td width=\"48\">196<\/td><td width=\"48\">7<\/td><\/tr><tr><td width=\"189\">Ret\u00f3rica<\/td><td width=\"105\">Complementar<\/td><td width=\"94\">FAFF03<\/td><td width=\"38\">3<\/td><td width=\"48\">48<\/td><td width=\"57\">64<\/td><td width=\"48\">112<\/td><td width=\"48\">4<\/td><\/tr><tr><td width=\"189\">Introdu\u00e7\u00e3o as Ci\u00eancias Sociais<\/td><td width=\"105\">Nuclear<\/td><td width=\"94\">FAFF04<\/td><td width=\"38\">3<\/td><td width=\"48\">48<\/td><td width=\"57\">92<\/td><td width=\"48\">140<\/td><td width=\"48\">5<\/td><\/tr><tr><td colspan=\"4\" width=\"432\"><strong>Total semestral de horas e cr\u00e9ditos<\/strong><\/td><td width=\"38\"><strong>20<\/strong><\/td><td width=\"48\"><strong>320<\/strong><\/td><td width=\"57\"><strong>520<\/strong><\/td><td width=\"48\"><strong>840<\/strong><\/td><td width=\"48\"><strong>30<\/strong><\/td><\/tr><tr><td colspan=\"6\" width=\"476\"><strong>Total anual de horas e cr\u00e9ditos<\/strong><\/td><td width=\"38\"><strong>40<\/strong><\/td><td width=\"48\"><strong>640<\/strong><\/td><td width=\"57\"><strong>1040<\/strong><\/td><td width=\"48\"><strong>1680<\/strong><\/td><td width=\"48\"><strong>60<\/strong><\/td><\/tr><tr><td colspan=\"2\" rowspan=\"14\" width=\"44\"><strong>3\u00ba <\/strong><\/td><td rowspan=\"6\" width=\"44\"><strong>V<\/strong><\/td><td width=\"189\">Epistemologia<\/td><td width=\"105\">Complementar<\/td><td width=\"94\">FAF015<\/td><td width=\"38\">4<\/td><td width=\"48\">64<\/td><td width=\"57\">132<\/td><td width=\"48\">196<\/td><td width=\"48\">7<\/td><\/tr><tr><td width=\"189\">Filosofia Pol\u00edtica<\/td><td width=\"105\">Complementar<\/td><td width=\"94\">FAF016<\/td><td width=\"38\">3<\/td><td width=\"48\">48<\/td><td width=\"57\">120<\/td><td width=\"48\">168<\/td><td width=\"48\">6<\/td><\/tr><tr><td width=\"189\">Metaf\u00edsica<\/td><td width=\"105\">Nuclear<\/td><td width=\"94\">FAF017<\/td><td width=\"38\">4<\/td><td width=\"48\">64<\/td><td width=\"57\">20<\/td><td width=\"48\">84<\/td><td width=\"48\">3<\/td><\/tr><tr><td width=\"189\">Hermen\u00eautica Filos\u00f3fica<\/td><td width=\"105\">Nuclear<\/td><td width=\"94\">FAFF05<\/td><td width=\"38\">3<\/td><td width=\"48\">48<\/td><td width=\"57\">64<\/td><td width=\"48\">112<\/td><td width=\"48\">4<\/td><\/tr><tr><td width=\"189\">Filosofia da Intercultura e Globaliza\u00e7\u00e3o<\/td><td width=\"105\">Complementar<\/td><td width=\"94\">FAFF06<\/td><td width=\"38\">3<\/td><td width=\"48\">48<\/td><td width=\"57\">36<\/td><td width=\"48\">84<\/td><td width=\"48\">3<\/td><\/tr><tr><td width=\"189\">Filosofia da P\u00f3s-Modernidade<\/td><td width=\"105\">Nuclear<\/td><td width=\"94\">FAFF07<\/td><td width=\"38\">3<\/td><td width=\"48\">48<\/td><td width=\"57\">148<\/td><td width=\"48\">196<\/td><td width=\"48\">7<\/td><\/tr><tr><td colspan=\"4\" width=\"432\"><strong>Total semestral de horas e cr\u00e9ditos<\/strong><\/td><td width=\"38\"><strong>20<\/strong><\/td><td width=\"48\"><strong>320<\/strong><\/td><td width=\"57\"><strong>520<\/strong><\/td><td width=\"48\"><strong>840<\/strong><\/td><td width=\"48\"><strong>30<\/strong><\/td><\/tr><tr><td rowspan=\"6\" width=\"44\"><strong>VI<\/strong><\/td><td width=\"189\">Filosofia das Ci\u00eancias<\/td><td width=\"105\">Nuclear<\/td><td width=\"94\">FAF018<\/td><td width=\"38\">3<\/td><td width=\"48\">48<\/td><td width=\"57\">120<\/td><td width=\"48\">168<\/td><td width=\"48\">6<\/td><\/tr><tr><td width=\"189\">Filosofia da Mente<\/td><td width=\"105\">Nuclear<\/td><td width=\"94\">FAFF11<\/td><td width=\"38\">4<\/td><td width=\"48\">64<\/td><td width=\"57\">104<\/td><td width=\"48\">168<\/td><td width=\"48\">6<\/td><\/tr><tr><td width=\"189\">Antropologia Filos\u00f3fica<\/td><td width=\"105\">Nuclear<\/td><td width=\"94\">FAF020<\/td><td width=\"38\">3<\/td><td width=\"48\">48<\/td><td width=\"57\">120<\/td><td width=\"48\">168<\/td><td width=\"48\">6<\/td><\/tr><tr><td width=\"189\">Filosofia da Literatura Mo\u00e7ambicana<\/td><td width=\"105\">Complementar<\/td><td width=\"94\">FAFF08<\/td><td width=\"38\">3<\/td><td width=\"48\">48<\/td><td width=\"57\">36<\/td><td width=\"48\">84<\/td><td width=\"48\">3<\/td><\/tr><tr><td width=\"189\">Est\u00e9tica<\/td><td width=\"105\">Nuclear<\/td><td width=\"94\">FAFF09<\/td><td width=\"38\">3<\/td><td width=\"48\">48<\/td><td width=\"57\">120<\/td><td width=\"48\">168<\/td><td width=\"48\">6<\/td><\/tr><tr><td width=\"189\">Pensamento Filos\u00f3fico Mo\u00e7ambicano<\/td><td width=\"105\">Complementar<\/td><td width=\"94\">FAFF13<\/td><td width=\"38\">4<\/td><td width=\"48\">64<\/td><td width=\"57\">20<\/td><td width=\"48\">84<\/td><td width=\"48\">3<\/td><\/tr><tr><td colspan=\"4\" width=\"432\"><strong>Total semestral de horas e cr\u00e9ditos<\/strong><\/td><td width=\"38\"><strong>20<\/strong><\/td><td width=\"48\"><strong>320<\/strong><\/td><td width=\"57\"><strong>520<\/strong><\/td><td width=\"48\"><strong>840<\/strong><\/td><td width=\"48\"><strong>30<\/strong><\/td><\/tr><tr><td colspan=\"6\" width=\"476\"><strong>Total anual de horas e cr\u00e9ditos<\/strong><\/td><td width=\"38\"><strong>40<\/strong><\/td><td width=\"48\"><strong>640<\/strong><\/td><td width=\"57\"><strong>1040<\/strong><\/td><td width=\"48\"><strong>1680<\/strong><\/td><td width=\"48\"><strong>60<\/strong><\/td><\/tr><tr><td colspan=\"2\" rowspan=\"12\" width=\"44\"><strong>4\u00ba<\/strong><\/td><td rowspan=\"5\" width=\"44\"><strong>VII<\/strong><\/td><td width=\"189\">Filosofia Africana<\/td><td width=\"105\">Nuclear<\/td><td width=\"94\">FAF019<\/td><td width=\"38\">3<\/td><td width=\"48\">48<\/td><td width=\"57\">64<\/td><td width=\"48\">112<\/td><td width=\"48\">4<\/td><\/tr><tr><td width=\"189\">Filosofia da Religi\u00e3o<\/td><td width=\"105\">Nuclear<\/td><td width=\"94\">FAFF12<\/td><td width=\"38\">4<\/td><td width=\"48\">64<\/td><td width=\"57\">160<\/td><td width=\"48\">224<\/td><td width=\"48\">8<\/td><\/tr><tr><td width=\"189\">Filosofia do Direito<\/td><td width=\"105\">Nuclear<\/td><td width=\"94\">FAFF10<\/td><td width=\"38\">4<\/td><td width=\"48\">64<\/td><td width=\"57\">160<\/td><td width=\"48\">224<\/td><td width=\"48\">8<\/td><\/tr><tr><td width=\"189\">Projecto de Pesquisa<\/td><td width=\"105\">Nuclear<\/td><td width=\"94\">FAF021<\/td><td width=\"38\">3<\/td><td width=\"48\">48<\/td><td width=\"57\">64<\/td><td width=\"48\">112<\/td><td width=\"48\">4<\/td><\/tr><tr><td width=\"189\">Hist\u00f3ria e Filosofia da Educa\u00e7\u00e3o<\/td><td width=\"105\">Nuclear<\/td><td width=\"94\">FAFE11<\/td><td width=\"38\">4<\/td><td width=\"48\">64<\/td><td width=\"57\">104<\/td><td width=\"48\">168<\/td><td width=\"48\">6<\/td><\/tr><tr><td colspan=\"4\" width=\"432\"><strong>Total semestral de horas e cr\u00e9ditos<\/strong><\/td><td width=\"38\"><strong>18<\/strong><\/td><td width=\"48\"><strong>288<\/strong><\/td><td width=\"57\"><strong>552<\/strong><\/td><td width=\"48\"><strong>840<\/strong><\/td><td width=\"48\"><strong>30<\/strong><\/td><\/tr><tr><td rowspan=\"5\" width=\"44\"><strong>VIII<\/strong><\/td><td width=\"189\">Filosofia da Complexidade<\/td><td width=\"105\">Complementar<\/td><td width=\"94\">FAFF14<\/td><td width=\"38\">4<\/td><td width=\"48\">64<\/td><td width=\"57\">20<\/td><td width=\"48\">84<\/td><td width=\"48\">3<\/td><\/tr><tr><td width=\"189\">Unidade Curricular de Escolha Livre<\/td><td width=\"105\">Complementar<\/td><td width=\"94\">\u00a0<\/td><td width=\"38\">4<\/td><td width=\"48\">64<\/td><td width=\"57\">20<\/td><td width=\"48\">84<\/td><td width=\"48\">3<\/td><\/tr><tr><td colspan=\"8\" width=\"627\"><strong>Formas de Culmina\u00e7\u00e3o do Curso<\/strong><\/td><\/tr><tr><td width=\"189\">Monografia<\/td><td rowspan=\"2\" width=\"105\">Nuclear<\/td><td rowspan=\"2\" width=\"94\">FAF022<\/td><td rowspan=\"2\" width=\"38\">12<\/td><td rowspan=\"2\" width=\"48\">192<\/td><td rowspan=\"2\" width=\"57\">480<\/td><td rowspan=\"2\" width=\"48\">672<\/td><td rowspan=\"2\" width=\"48\">24<\/td><\/tr><tr><td width=\"189\">Est\u00e1gio<\/td><\/tr><tr><td colspan=\"4\" width=\"432\"><strong>Total semestral de horas e cr\u00e9ditos<\/strong><\/td><td width=\"38\"><strong>20<\/strong><\/td><td width=\"48\"><strong>320<\/strong><\/td><td width=\"57\"><strong>520<\/strong><\/td><td width=\"48\"><strong>840<\/strong><\/td><td width=\"48\"><strong>30<\/strong><\/td><\/tr><tr><td colspan=\"6\" width=\"476\"><strong>Total anual de horas e cr\u00e9ditos<\/strong><\/td><td width=\"38\"><strong>39<\/strong><\/td><td width=\"48\"><strong>624<\/strong><\/td><td width=\"57\"><strong>1056<\/strong><\/td><td width=\"48\"><strong>1680<\/strong><\/td><td width=\"48\"><strong>60<\/strong><\/td><\/tr><tr><td colspan=\"6\" width=\"476\"><strong>Total de horas e cr\u00e9ditos<\/strong><\/td><td width=\"38\"><strong>162<\/strong><\/td><td width=\"48\"><strong>2592<\/strong><\/td><td width=\"57\"><strong>4128<\/strong><\/td><td width=\"48\"><strong>6720<\/strong><\/td><td width=\"48\"><strong>240<\/strong><\/td><\/tr><\/tbody><\/table>\t\t\t\t\t\t\t\t<\/div>\n\t\t\t\t\t<\/div>\n\t\t\t\t<\/div>\n\t\t<div class=\"elementor-element elementor-element-168cfff e-flex e-con-boxed e-con e-parent\" data-id=\"168cfff\" data-element_type=\"container\">\n\t\t\t\t\t<div class=\"e-con-inner\">\n\t\t\t\t<div class=\"elementor-element elementor-element-3bede1f elementor-widget elementor-widget-spacer\" data-id=\"3bede1f\" data-element_type=\"widget\" data-widget_type=\"spacer.default\">\n\t\t\t\t\t\t\t<div class=\"elementor-spacer\">\n\t\t\t<div class=\"elementor-spacer-inner\"><\/div>\n\t\t<\/div>\n\t\t\t\t\t\t<\/div>\n\t\t\t\t\t<\/div>\n\t\t\t\t<\/div>\n\t\t\t\t<\/div>\n\t\t","protected":false},"excerpt":{"rendered":"<p>Licenciatura em Filosofia \u00a0\u00a0 . \u00a0 Anos de Estudos Semestre Unidade Curricular Tipo de Unidade Curricular C\u00f3digos Horas por Semana [&hellip;]<\/p>\n","protected":false},"author":1,"featured_media":0,"parent":0,"menu_order":0,"comment_status":"closed","ping_status":"closed","template":"","meta":{"site-sidebar-layout":"no-sidebar","site-content-layout":"","ast-site-content-layout":"full-width-container","site-content-style":"default","site-sidebar-style":"default","ast-global-header-display":"","ast-banner-title-visibility":"","ast-main-header-display":"","ast-hfb-above-header-display":"","ast-hfb-below-header-display":"","ast-hfb-mobile-header-display":"","site-post-title":"disabled","ast-breadcrumbs-content":"","ast-featured-img":"disabled","footer-sml-layout":"","theme-transparent-header-meta":"","adv-header-id-meta":"","stick-header-meta":"","header-above-stick-meta":"","header-main-stick-meta":"","header-below-stick-meta":"","astra-migrate-meta-layouts":"default","ast-page-background-enabled":"default","ast-page-background-meta":{"desktop":{"background-color":"var(--ast-global-color-5)","background-image":"","background-repeat":"repeat","background-position":"center center","background-size":"auto","background-attachment":"scroll","background-type":"","background-media":"","overlay-type":"","overlay-color":"","overlay-opacity":"","overlay-gradient":""},"tablet":{"background-color":"","background-image":"","background-repeat":"repeat","background-position":"center center","background-size":"auto","background-attachment":"scroll","background-type":"","background-media":"","overlay-type":"","overlay-color":"","overlay-opacity":"","overlay-gradient":""},"mobile":{"background-color":"","background-image":"","background-repeat":"repeat","background-position":"center center","background-size":"auto","background-attachment":"scroll","background-type":"","background-media":"","overlay-type":"","overlay-color":"","overlay-opacity":"","overlay-gradient":""}},"ast-content-background-meta":{"desktop":{"background-color":"var(--ast-global-color-4)","background-image":"","background-repeat":"repeat","background-position":"center center","background-size":"auto","background-attachment":"scroll","background-type":"","background-media":"","overlay-type":"","overlay-color":"","overlay-opacity":"","overlay-gradient":""},"tablet":{"background-color":"var(--ast-global-color-4)","background-image":"","background-repeat":"repeat","background-position":"center center","background-size":"auto","background-attachment":"scroll","background-type":"","background-media":"","overlay-type":"","overlay-color":"","overlay-opacity":"","overlay-gradient":""},"mobile":{"background-color":"var(--ast-global-color-4)","background-image":"","background-repeat":"repeat","background-position":"center center","background-size":"auto","background-attachment":"scroll","background-type":"","background-media":"","overlay-type":"","overlay-color":"","overlay-opacity":"","overlay-gradient":""}},"footnotes":""},"class_list":["post-250","page","type-page","status-publish","hentry"],"_links":{"self":[{"href":"https:\/\/filosofia.uem.mz\/index.php\/wp-json\/wp\/v2\/pages\/250","targetHints":{"allow":["GET"]}}],"collection":[{"href":"https:\/\/filosofia.uem.mz\/index.php\/wp-json\/wp\/v2\/pages"}],"about":[{"href":"https:\/\/filosofia.uem.mz\/index.php\/wp-json\/wp\/v2\/types\/page"}],"author":[{"embeddable":true,"href":"https:\/\/filosofia.uem.mz\/index.php\/wp-json\/wp\/v2\/users\/1"}],"replies":[{"embeddable":true,"href":"https:\/\/filosofia.uem.mz\/index.php\/wp-json\/wp\/v2\/comments?post=250"}],"version-history":[{"count":0,"href":"https:\/\/filosofia.uem.mz\/index.php\/wp-json\/wp\/v2\/pages\/250\/revisions"}],"wp:attachment":[{"href":"https:\/\/filosofia.uem.mz\/index.php\/wp-json\/wp\/v2\/media?parent=250"}],"curies":[{"name":"wp","href":"https:\/\/api.w.org\/{rel}","templated":true}]}}