{"id":133,"date":"2024-12-17T11:02:53","date_gmt":"2024-12-17T11:02:53","guid":{"rendered":"https:\/\/filosofia.ghost.uem.mz\/?page_id=133"},"modified":"2024-12-17T11:02:53","modified_gmt":"2024-12-17T11:02:53","slug":"artigos-cientificos","status":"publish","type":"page","link":"https:\/\/filosofia.uem.mz\/index.php\/artigos-cientificos\/","title":{"rendered":"Artigos Cient\u00edficos"},"content":{"rendered":"\t\t<div data-elementor-type=\"wp-page\" data-elementor-id=\"133\" class=\"elementor elementor-133\">\n\t\t\t\t<div class=\"elementor-element elementor-element-a3988f8 e-flex e-con-boxed e-con e-parent\" data-id=\"a3988f8\" data-element_type=\"container\">\n\t\t\t\t\t<div class=\"e-con-inner\">\n\t\t\t\t<div class=\"elementor-element elementor-element-5650263 elementor-widget elementor-widget-spacer\" data-id=\"5650263\" data-element_type=\"widget\" data-widget_type=\"spacer.default\">\n\t\t\t\t\t\t\t<div class=\"elementor-spacer\">\n\t\t\t<div class=\"elementor-spacer-inner\"><\/div>\n\t\t<\/div>\n\t\t\t\t\t\t<\/div>\n\t\t\t\t\t<\/div>\n\t\t\t\t<\/div>\n\t\t<div class=\"elementor-element elementor-element-65026fc e-flex e-con-boxed e-con e-parent\" data-id=\"65026fc\" data-element_type=\"container\">\n\t\t\t\t\t<div class=\"e-con-inner\">\n\t\t\t\t<div class=\"elementor-element elementor-element-770e218 elementor-widget elementor-widget-heading\" data-id=\"770e218\" data-element_type=\"widget\" data-widget_type=\"heading.default\">\n\t\t\t\t\t<h2 class=\"elementor-heading-title elementor-size-default\">Artigos Cient\u00edficos<\/h2>\t\t\t\t<\/div>\n\t\t\t\t\t<\/div>\n\t\t\t\t<\/div>\n\t\t<div class=\"elementor-element elementor-element-94ff56c e-flex e-con-boxed e-con e-parent\" data-id=\"94ff56c\" data-element_type=\"container\">\n\t\t\t\t\t<div class=\"e-con-inner\">\n\t\t\t\t<div class=\"elementor-element elementor-element-98ea01f elementor-widget elementor-widget-spacer\" data-id=\"98ea01f\" data-element_type=\"widget\" data-widget_type=\"spacer.default\">\n\t\t\t\t\t\t\t<div class=\"elementor-spacer\">\n\t\t\t<div class=\"elementor-spacer-inner\"><\/div>\n\t\t<\/div>\n\t\t\t\t\t\t<\/div>\n\t\t\t\t\t<\/div>\n\t\t\t\t<\/div>\n\t\t<div class=\"elementor-element elementor-element-95b132e e-flex e-con-boxed e-con e-parent\" data-id=\"95b132e\" data-element_type=\"container\">\n\t\t\t\t\t<div class=\"e-con-inner\">\n\t\t\t\t<div class=\"elementor-element elementor-element-f22e506 elementor-widget elementor-widget-text-editor\" data-id=\"f22e506\" data-element_type=\"widget\" data-widget_type=\"text-editor.default\">\n\t\t\t\t\t\t\t\t\t<table width=\"633\"><tbody><tr><td width=\"56\"><p><strong>N\u00b0<\/strong><\/p><\/td><td width=\"236\"><p><strong>Nome<\/strong><\/p><\/td><td width=\"340\"><p><strong>Artigos Cient\u00edficos<\/strong><\/p><\/td><\/tr><tr><td width=\"56\"><p>\u00a0<\/p><p>01.<\/p><\/td><td width=\"236\"><p><em>\u00a0<\/em><\/p><p><em>Mestre<\/em> Inoc\u00e9lio Ussivane<\/p><\/td><td width=\"340\"><p>Revista ci\u00eancia e sustentabilidade, jun 2024<\/p><p>Rela\u00e7\u00e3o entre o homem e natureza: uma reflex\u00e3o sobre a crise socio ambiental<\/p><p>\u00a0<\/p><p>Link: https\/\/perodicos.ufca.edu.br\/ojs\/\u00edndex.php\/cienciasustentablidade\/issue\/59<\/p><p>\u00a0<\/p><\/td><\/tr><tr><td width=\"56\"><p>02.<\/p><\/td><td width=\"236\"><p><em>\u00a0<\/em><\/p><p><em>Mestre<\/em> Ira Vovos<\/p><\/td><td width=\"340\"><p>Educa\u00e7\u00e3o como ferramenta de transforma\u00e7\u00e3o a partir de bell<\/p><p>Hooks. Revista Relic\u00e1rio, Uberl\u00e2ndia, v. 10 n. 19. ene\/jul, 2023, ISSN 2358-8276,<\/p><p>\u00a0<\/p><p>\u00a0<\/p><p>Retratos Hist\u00f3ricos das Hero\u00ednas Mo\u00e7ambicanas. (Revisi\u00f3n del art\u00edculo<\/p><p>enviado para publicaci\u00f3n no Projecto \u00c9tica e Cidadania).<\/p><p>\u00a0<\/p><p>\u00a0<\/p><p>Conceptual link between dignity and Human Rights. Art\u00edculo elaborado en<\/p><p>2023 pendiente de revisi\u00f3n y publicaci\u00f3n.<\/p><\/td><\/tr><\/tbody><\/table>\t\t\t\t\t\t\t\t<\/div>\n\t\t\t\t\t<\/div>\n\t\t\t\t<\/div>\n\t\t\t\t<\/div>\n\t\t","protected":false},"excerpt":{"rendered":"<p>Artigos Cient\u00edficos N\u00b0 Nome Artigos Cient\u00edficos \u00a0 01. \u00a0 Mestre Inoc\u00e9lio Ussivane Revista ci\u00eancia e sustentabilidade, jun 2024 Rela\u00e7\u00e3o entre [&hellip;]<\/p>\n","protected":false},"author":1,"featured_media":0,"parent":0,"menu_order":0,"comment_status":"closed","ping_status":"closed","template":"","meta":{"site-sidebar-layout":"no-sidebar","site-content-layout":"","ast-site-content-layout":"full-width-container","site-content-style":"default","site-sidebar-style":"default","ast-global-header-display":"","ast-banner-title-visibility":"","ast-main-header-display":"","ast-hfb-above-header-display":"","ast-hfb-below-header-display":"","ast-hfb-mobile-header-display":"","site-post-title":"disabled","ast-breadcrumbs-content":"","ast-featured-img":"disabled","footer-sml-layout":"","theme-transparent-header-meta":"","adv-header-id-meta":"","stick-header-meta":"","header-above-stick-meta":"","header-main-stick-meta":"","header-below-stick-meta":"","astra-migrate-meta-layouts":"default","ast-page-background-enabled":"default","ast-page-background-meta":{"desktop":{"background-color":"var(--ast-global-color-5)","background-image":"","background-repeat":"repeat","background-position":"center center","background-size":"auto","background-attachment":"scroll","background-type":"","background-media":"","overlay-type":"","overlay-color":"","overlay-opacity":"","overlay-gradient":""},"tablet":{"background-color":"","background-image":"","background-repeat":"repeat","background-position":"center center","background-size":"auto","background-attachment":"scroll","background-type":"","background-media":"","overlay-type":"","overlay-color":"","overlay-opacity":"","overlay-gradient":""},"mobile":{"background-color":"","background-image":"","background-repeat":"repeat","background-position":"center center","background-size":"auto","background-attachment":"scroll","background-type":"","background-media":"","overlay-type":"","overlay-color":"","overlay-opacity":"","overlay-gradient":""}},"ast-content-background-meta":{"desktop":{"background-color":"var(--ast-global-color-4)","background-image":"","background-repeat":"repeat","background-position":"center center","background-size":"auto","background-attachment":"scroll","background-type":"","background-media":"","overlay-type":"","overlay-color":"","overlay-opacity":"","overlay-gradient":""},"tablet":{"background-color":"var(--ast-global-color-4)","background-image":"","background-repeat":"repeat","background-position":"center center","background-size":"auto","background-attachment":"scroll","background-type":"","background-media":"","overlay-type":"","overlay-color":"","overlay-opacity":"","overlay-gradient":""},"mobile":{"background-color":"var(--ast-global-color-4)","background-image":"","background-repeat":"repeat","background-position":"center center","background-size":"auto","background-attachment":"scroll","background-type":"","background-media":"","overlay-type":"","overlay-color":"","overlay-opacity":"","overlay-gradient":""}},"footnotes":""},"class_list":["post-133","page","type-page","status-publish","hentry"],"_links":{"self":[{"href":"https:\/\/filosofia.uem.mz\/index.php\/wp-json\/wp\/v2\/pages\/133","targetHints":{"allow":["GET"]}}],"collection":[{"href":"https:\/\/filosofia.uem.mz\/index.php\/wp-json\/wp\/v2\/pages"}],"about":[{"href":"https:\/\/filosofia.uem.mz\/index.php\/wp-json\/wp\/v2\/types\/page"}],"author":[{"embeddable":true,"href":"https:\/\/filosofia.uem.mz\/index.php\/wp-json\/wp\/v2\/users\/1"}],"replies":[{"embeddable":true,"href":"https:\/\/filosofia.uem.mz\/index.php\/wp-json\/wp\/v2\/comments?post=133"}],"version-history":[{"count":0,"href":"https:\/\/filosofia.uem.mz\/index.php\/wp-json\/wp\/v2\/pages\/133\/revisions"}],"wp:attachment":[{"href":"https:\/\/filosofia.uem.mz\/index.php\/wp-json\/wp\/v2\/media?parent=133"}],"curies":[{"name":"wp","href":"https:\/\/api.w.org\/{rel}","templated":true}]}}