{"id":132,"date":"2024-12-17T11:02:53","date_gmt":"2024-12-17T11:02:53","guid":{"rendered":"https:\/\/filosofia.ghost.uem.mz\/?page_id=132"},"modified":"2024-12-17T11:02:53","modified_gmt":"2024-12-17T11:02:53","slug":"livros","status":"publish","type":"page","link":"https:\/\/filosofia.uem.mz\/index.php\/livros\/","title":{"rendered":"Livros"},"content":{"rendered":"\t\t<div data-elementor-type=\"wp-page\" data-elementor-id=\"132\" class=\"elementor elementor-132\">\n\t\t\t\t<div class=\"elementor-element elementor-element-1aa2c83 e-flex e-con-boxed e-con e-parent\" data-id=\"1aa2c83\" data-element_type=\"container\">\n\t\t\t\t\t<div class=\"e-con-inner\">\n\t\t\t\t<div class=\"elementor-element elementor-element-a1ecb6a elementor-widget elementor-widget-spacer\" data-id=\"a1ecb6a\" data-element_type=\"widget\" data-widget_type=\"spacer.default\">\n\t\t\t\t\t\t\t<div class=\"elementor-spacer\">\n\t\t\t<div class=\"elementor-spacer-inner\"><\/div>\n\t\t<\/div>\n\t\t\t\t\t\t<\/div>\n\t\t\t\t\t<\/div>\n\t\t\t\t<\/div>\n\t\t<div class=\"elementor-element elementor-element-78f7fc3 e-flex e-con-boxed e-con e-parent\" data-id=\"78f7fc3\" data-element_type=\"container\">\n\t\t\t\t\t<div class=\"e-con-inner\">\n\t\t\t\t<div class=\"elementor-element elementor-element-c02e9dc elementor-widget elementor-widget-heading\" data-id=\"c02e9dc\" data-element_type=\"widget\" data-widget_type=\"heading.default\">\n\t\t\t\t\t<h2 class=\"elementor-heading-title elementor-size-default\">Livros<\/h2>\t\t\t\t<\/div>\n\t\t\t\t\t<\/div>\n\t\t\t\t<\/div>\n\t\t<div class=\"elementor-element elementor-element-ecde3de e-flex e-con-boxed e-con e-parent\" data-id=\"ecde3de\" data-element_type=\"container\">\n\t\t\t\t\t<div class=\"e-con-inner\">\n\t\t\t\t<div class=\"elementor-element elementor-element-7b31a09 elementor-widget elementor-widget-text-editor\" data-id=\"7b31a09\" data-element_type=\"widget\" data-widget_type=\"text-editor.default\">\n\t\t\t\t\t\t\t\t\t<table width=\"727\"><tbody><tr><td width=\"70\"><p>N\u00b0<\/p><p>\u00a0<\/p><p>\u00a0<\/p><\/td><td width=\"184\"><p><strong>Nome<\/strong><\/p><p>Professor Doutor Brazao Mazula<\/p><\/td><td width=\"353\"><p><strong>Livros<\/strong><\/p><p>Mazula, B. (2015) <em>A Universidade na lupa dos tr\u00eas olhos<\/em>: \u00e9tica, investiga\u00e7\u00e3o e paz. Maputo \u2013 Mo\u00e7ambique: Imprensa Universit\u00e1ria.<\/p><p>Mazula, B. (2018). <em>A Complexidade de ser Professor em Mo\u00e7ambique e seus Desafios<\/em>. Maputo: Plural editores.<\/p><p>Mazula, B., Blaunde, J., Chirindja, N. (2022). <em>O que ensinamos, aprendendo e o que aprendemos, ensinando<\/em>: caminhando nas ruas e picadas (da educa\u00e7\u00e3o) de Mo\u00e7ambique. Maputo: Imprensa Universit\u00e1ria.<\/p><p>Mazula, B. (2023). <em>Vejo o Pa\u00eds com os olhos do cora\u00e7\u00e3o<\/em>. Maputo: Impressa universit\u00e1ria.<\/p><p>Mazula, B. (org). (2025). <em>X\u1d51 pensar e agir \u00e9tico<\/em>. Maputo: Ed. Fundza.<\/p><p>\u00a0<\/p><\/td><td width=\"120\"><p><strong>Cap. Livro<\/strong><\/p><\/td><\/tr><tr><td width=\"70\"><p>\u00a0<\/p><p>01<\/p><\/td><td width=\"184\"><p><em>Prof. Doutor<\/em> Jos\u00e9 Blaunde<\/p><\/td><td width=\"353\"><p>BLAUNDE, Jos\u00e9.<strong>\u00a0<em>A Filosofia do conhecimento cientifico: Uma Urg\u00eancia para a epistemologia Africana<\/em>?<\/strong>\u00a0Publicou pela imprensa Universit\u00e1ria<\/p><p>MAZULA. Braz\u00e3o. BLAUNDE. Jos\u00e9. CHIRINDJA, Nilza. (2022). O que ensinamos aprendendo e o que aprendemos ensinando. Imprensa Universit\u00e1ria<\/p><\/td><td width=\"120\"><p><strong>\u00a0<\/strong><\/p><\/td><\/tr><tr><td width=\"70\"><p>02<\/p><\/td><td width=\"184\"><p><em>Prof. Doutor Alberto Jo\u00e3o Ferreira<\/em><\/p><\/td><td width=\"353\"><p>\u00a0FERREIRA, Alberto. <em>Totalitarismo e Democracia- Porque faliu o projecto libert\u00e1rio de Marx?<\/em> editado pelas Paulinas.\u00a0<\/p><\/td><td width=\"120\"><p><strong>\u00a0<\/strong><\/p><\/td><\/tr><tr><td width=\"70\"><p>03<\/p><\/td><td width=\"184\"><p><em>Doutor <\/em>Azevedo Witinesse<\/p><\/td><td width=\"353\"><p><strong>\u00a0<\/strong><\/p><\/td><td width=\"120\"><p>USSIVANE, Inoc\u00e9lio. AMARAL. Duarte (2022): UBUNTOCRACIA<\/p><\/td><\/tr><tr><td width=\"70\"><p>04<\/p><\/td><td width=\"184\"><p><em>Doutor<\/em> Fernando Jos\u00e9<\/p><p>Ant\u00f3nio<\/p><\/td><td width=\"353\"><p>ANT\u00d3NIO, Fernando; CEBOLA, Pedro. (2024<em>). Conjecturas do Ensino Bilingue em Mo\u00e7ambique.<\/em> Editora SCHREIBEN<\/p><\/td><td width=\"120\"><p><strong>\u00a0<\/strong><\/p><\/td><\/tr><tr><td width=\"70\"><p>05<\/p><\/td><td width=\"184\"><p><em>Mestre<\/em> Inoc\u00e9lio Ussivane<\/p><\/td><td width=\"353\"><p>USSIVANE, Inoc\u00e9lio. (2024). <em>Cartas sobre Africa: Afroperspectivismo sociocultural. <\/em>Editora SCHREIBEN<\/p><p>USSIVANE, Inoc\u00e9lio. (2024). <em>Filosofia da P\u00f3s-modernidade: entre conhecimento reconhecimento e alteridade<\/em>. Editora SCHREIBEN.<\/p><p>USSIVANE, Inoc\u00e9lio. AMARAL. Duarte (2022): UBUNTOCRACIA<\/p><p>USSIVANE, Inoc\u00e9lio. AMARAL. Duarte (2023): Elei\u00e7\u00f5es para Paz ou Guerra<\/p><\/td><td width=\"120\"><p>USSIVANE, I. I.. A Ineficacia dos modelos de democracia Ocidentais em Africa-necessidades de uma democracia afroperspectivista. In: Inocelio<\/p><p>Ussivane e Tomas de Azevedo Julio. (Org.). Cartas sobre Africa: Afroperspectivismo sociocultural, economico, Amiental e politico. 1ed.Itapiranga: schreiben, 2024, v. 1, p. 33-43<\/p><\/td><\/tr><tr><td width=\"70\"><p>06<\/p><\/td><td width=\"184\"><p><em>Mestre<\/em> Elias Macuacua<\/p><\/td><td width=\"353\"><p><strong>\u00a0<\/strong><\/p><\/td><td width=\"120\"><p>USSIVANE, Inoc\u00e9lio. AMARAL. Duarte (2023): <em>Elei\u00e7\u00f5es para Paz ou Guerra<\/em><\/p><p><strong>\u00a0<\/strong><\/p><\/td><\/tr><tr><td width=\"70\"><p>07<\/p><\/td><td width=\"184\"><p><em>Mestre<\/em> Nilza Pedro Chirindja<\/p><\/td><td width=\"353\"><p>Mazula. Braz\u00e3o. BLAUNDE. Jos\u00e9. CHIRINDJA, Nilza. (2022). <em>O que ensinamos aprendendo e o que aprendemos ensinando<\/em>. Imprensa Universit\u00e1ria<\/p><\/td><td width=\"120\"><p><strong>\u00a0<\/strong><\/p><\/td><\/tr><tr><td width=\"70\"><p>08<\/p><\/td><td width=\"184\"><p><em>Mestre <\/em>Ergim\u00ednio Mucale<\/p><\/td><td width=\"353\"><p>MUCALE, Ergiminio. (2024). <em>Renascimento Africano: retrospectivas e perspectivas<\/em>. Paulinas<\/p><p>MUCALE, Ergiminio. (2024). <em>Afrocentricidade<\/em>: complexidade e liberdade. Paulinas<\/p><\/td><td width=\"120\"><p><strong>\u00a0<\/strong><\/p><\/td><\/tr><tr><td width=\"70\"><p>09<\/p><\/td><td width=\"184\"><p><em>Mestre<\/em> Eug\u00e9nio Cossa<\/p><\/td><td width=\"353\"><p><strong>\u00a0<\/strong><\/p><\/td><td width=\"120\"><p>USSIVANE, Inoc\u00e9lio. AMARAL. Duarte (2022): UBUNTOCRACIA<\/p><p><strong>\u00a0<\/strong><\/p><\/td><\/tr><tr><td width=\"70\"><p>10<\/p><\/td><td width=\"184\"><p><em>Mestre<\/em> Duarte Augusto Amaral<\/p><\/td><td width=\"353\"><p>USSIVANE, Inoc\u00e9lio. AMARAL. Duarte (2022): UBUNTOCRACIA<\/p><p>USSIVANE, Inoc\u00e9lio. AMARAL. Duarte (2023): Elei\u00e7\u00f5es para Paz ou Guerra<\/p><p><strong>\u00a0<\/strong><\/p><\/td><td width=\"120\"><p><strong>\u00a0<\/strong><\/p><p><strong>\u00a0<\/strong><\/p><\/td><\/tr><tr><td width=\"70\"><p>11<\/p><\/td><td width=\"184\"><p><em>Mestre<\/em> Pedro Cebola<\/p><\/td><td width=\"353\"><p>ANT\u00d3NIO, Fernando; CEBOLA, Pedro. (2024). <em>Conjecturas do Ensino Bilingue em Mo\u00e7ambique<\/em>. Editora SCHREIBEN<\/p><\/td><td width=\"120\"><p><strong>\u00a0<\/strong><\/p><\/td><\/tr><tr><td width=\"70\"><p>12<\/p><\/td><td width=\"184\"><p><em>Mestre<\/em> Tercilia Queco Mendes<\/p><\/td><td width=\"353\"><p><strong>\u00a0<\/strong><\/p><\/td><td width=\"120\"><p>USSIVANE, Inoc\u00e9lio. AMARAL. Duarte (2022): UBUNTOCRACIA<\/p><p>USSIVANE, Inoc\u00e9lio. AMARAL. Duarte (2023): Elei\u00e7\u00f5es para Paz ou Guerra<\/p><p><strong>\u00a0<\/strong><\/p><\/td><\/tr><tr><td width=\"70\"><p>13<\/p><\/td><td width=\"184\"><p><em>Mestre<\/em> N\u00e9rio Ricardo Tamele<\/p><\/td><td width=\"353\"><p><strong>\u00a0<\/strong><\/p><\/td><td width=\"120\"><p>USSIVANE, Inoc\u00e9lio. AMARAL. Duarte (2022): UBUNTOCRACIA<\/p><p>USSIVANE, Inoc\u00e9lio. AMARAL. Duarte (2023): Elei\u00e7\u00f5es para Paz ou Guerra<\/p><p><strong>\u00a0<\/strong><\/p><\/td><\/tr><\/tbody><\/table><p>\u00a0<\/p>\t\t\t\t\t\t\t\t<\/div>\n\t\t\t\t\t<\/div>\n\t\t\t\t<\/div>\n\t\t<div class=\"elementor-element elementor-element-1e68612 e-flex e-con-boxed e-con e-parent\" data-id=\"1e68612\" data-element_type=\"container\">\n\t\t\t\t\t<div class=\"e-con-inner\">\n\t\t\t\t<div class=\"elementor-element elementor-element-dd2932a elementor-widget elementor-widget-spacer\" data-id=\"dd2932a\" data-element_type=\"widget\" data-widget_type=\"spacer.default\">\n\t\t\t\t\t\t\t<div class=\"elementor-spacer\">\n\t\t\t<div class=\"elementor-spacer-inner\"><\/div>\n\t\t<\/div>\n\t\t\t\t\t\t<\/div>\n\t\t\t\t\t<\/div>\n\t\t\t\t<\/div>\n\t\t\t\t<\/div>\n\t\t","protected":false},"excerpt":{"rendered":"<p>Livros N\u00b0 \u00a0 \u00a0 Nome Professor Doutor Brazao Mazula Livros Mazula, B. (2015) A Universidade na lupa dos tr\u00eas olhos: [&hellip;]<\/p>\n","protected":false},"author":1,"featured_media":0,"parent":0,"menu_order":0,"comment_status":"closed","ping_status":"closed","template":"","meta":{"site-sidebar-layout":"no-sidebar","site-content-layout":"","ast-site-content-layout":"full-width-container","site-content-style":"default","site-sidebar-style":"default","ast-global-header-display":"","ast-banner-title-visibility":"","ast-main-header-display":"","ast-hfb-above-header-display":"","ast-hfb-below-header-display":"","ast-hfb-mobile-header-display":"","site-post-title":"disabled","ast-breadcrumbs-content":"","ast-featured-img":"disabled","footer-sml-layout":"","theme-transparent-header-meta":"","adv-header-id-meta":"","stick-header-meta":"","header-above-stick-meta":"","header-main-stick-meta":"","header-below-stick-meta":"","astra-migrate-meta-layouts":"default","ast-page-background-enabled":"default","ast-page-background-meta":{"desktop":{"background-color":"var(--ast-global-color-5)","background-image":"","background-repeat":"repeat","background-position":"center center","background-size":"auto","background-attachment":"scroll","background-type":"","background-media":"","overlay-type":"","overlay-color":"","overlay-opacity":"","overlay-gradient":""},"tablet":{"background-color":"","background-image":"","background-repeat":"repeat","background-position":"center center","background-size":"auto","background-attachment":"scroll","background-type":"","background-media":"","overlay-type":"","overlay-color":"","overlay-opacity":"","overlay-gradient":""},"mobile":{"background-color":"","background-image":"","background-repeat":"repeat","background-position":"center center","background-size":"auto","background-attachment":"scroll","background-type":"","background-media":"","overlay-type":"","overlay-color":"","overlay-opacity":"","overlay-gradient":""}},"ast-content-background-meta":{"desktop":{"background-color":"var(--ast-global-color-4)","background-image":"","background-repeat":"repeat","background-position":"center center","background-size":"auto","background-attachment":"scroll","background-type":"","background-media":"","overlay-type":"","overlay-color":"","overlay-opacity":"","overlay-gradient":""},"tablet":{"background-color":"var(--ast-global-color-4)","background-image":"","background-repeat":"repeat","background-position":"center center","background-size":"auto","background-attachment":"scroll","background-type":"","background-media":"","overlay-type":"","overlay-color":"","overlay-opacity":"","overlay-gradient":""},"mobile":{"background-color":"var(--ast-global-color-4)","background-image":"","background-repeat":"repeat","background-position":"center center","background-size":"auto","background-attachment":"scroll","background-type":"","background-media":"","overlay-type":"","overlay-color":"","overlay-opacity":"","overlay-gradient":""}},"footnotes":""},"class_list":["post-132","page","type-page","status-publish","hentry"],"_links":{"self":[{"href":"https:\/\/filosofia.uem.mz\/index.php\/wp-json\/wp\/v2\/pages\/132","targetHints":{"allow":["GET"]}}],"collection":[{"href":"https:\/\/filosofia.uem.mz\/index.php\/wp-json\/wp\/v2\/pages"}],"about":[{"href":"https:\/\/filosofia.uem.mz\/index.php\/wp-json\/wp\/v2\/types\/page"}],"author":[{"embeddable":true,"href":"https:\/\/filosofia.uem.mz\/index.php\/wp-json\/wp\/v2\/users\/1"}],"replies":[{"embeddable":true,"href":"https:\/\/filosofia.uem.mz\/index.php\/wp-json\/wp\/v2\/comments?post=132"}],"version-history":[{"count":0,"href":"https:\/\/filosofia.uem.mz\/index.php\/wp-json\/wp\/v2\/pages\/132\/revisions"}],"wp:attachment":[{"href":"https:\/\/filosofia.uem.mz\/index.php\/wp-json\/wp\/v2\/media?parent=132"}],"curies":[{"name":"wp","href":"https:\/\/api.w.org\/{rel}","templated":true}]}}